{"id":24897,"date":"2024-12-13T15:35:14","date_gmt":"2024-12-13T14:35:14","guid":{"rendered":"https:\/\/www.vendee-camping-bellevue.com\/?page_id=24897"},"modified":"2026-02-03T11:28:36","modified_gmt":"2026-02-03T10:28:36","slug":"wildpark-planete-sauvage","status":"publish","type":"page","link":"https:\/\/www.vendee-camping-bellevue.com\/nl\/incontournables\/parc-animalier-planete-sauvage\/","title":{"rendered":"Sauvage"},"content":{"rendered":"<div class=\"wp-block-stackable-columns alignfull stk-block-columns stk-block stk-6acab7b\" data-block-id=\"6acab7b\"><div class=\"stk-row stk-inner-blocks stk-block-content stk-content-align stk-6acab7b-column alignfull\">\n<div class=\"wp-block-stackable-column stk-block-column stk-column stk-block stk-06cbe79\" data-v=\"4\" data-block-id=\"06cbe79\"><div class=\"stk-column-wrapper stk-block-column__content stk-container stk-06cbe79-container stk--no-background stk--no-padding\"><div class=\"stk-block-content stk-inner-blocks stk-06cbe79-inner-blocks\">\n<style>\n*{margin:0;padding:0;box-sizing:border-box;font-family:'Segoe UI',Tahoma,Geneva,Verdana,sans-serif;}\n\n\/* HERO *\/\n.hero-block{\nposition:relative;width:100vw;margin-left:calc(50% - 50vw);margin-right:calc(50% - 50vw);\nmin-height:60vh;display:flex;align-items:center;justify-content:center;overflow:hidden;\nbackground:linear-gradient(135deg,rgba(52,189,239,.85),rgba(243,146,0,.85)),\nurl('https:\/\/www.planetesauvage.com\/fileadmin\/user_upload\/planete_sauvage\/Piste-Safaro.png');\nbackground-size:cover;background-position:center;\n}\n\n.hero-content{position:relative;z-index:2;max-width:1000px;padding:0 20px;text-align:center;color:#fff;}\n.hero-content h1{font-size:2.8rem;margin-bottom:15px;line-height:1.2;}\n.hero-description{font-size:1.15rem;line-height:1.6;margin-bottom:25px;}\n.hero-cta a{padding:12px 28px;border-radius:50px;color:#fff;text-decoration:none;font-weight:600;background:#34BDEF;}\n.hero-cta a:hover{background:#1f83bd;}\n\n\/* INTRO *\/\n.intro-block{\nmax-width:950px;margin:50px auto;padding:40px 25px;background:#fff;border-radius:25px;\ntext-align:center;box-shadow:0 15px 50px rgba(0,0,0,.15);\n}\n.intro-block h2{font-size:1.9rem;margin-bottom:15px;color:#34BDEF;}\n.intro-block p{font-size:1.1rem;line-height:1.75;color:#444;margin-bottom:12px;}\n.intro-block strong{color:#F39200;}\n\n\/* GRID *\/\n.destinations-block{padding:60px 20px;}\n.destinations-block h2{text-align:center;font-size:2rem;margin-bottom:10px;color:#34BDEF;}\n.destinations-block p{text-align:center;color:#666;margin-bottom:35px;}\n\n.destination-grid{display:grid;grid-template-columns:repeat(2,1fr);gap:28px;}\n\n.destination-card{\nbackground:#fff;border-radius:25px;overflow:hidden;\nbox-shadow:0 10px 30px rgba(0,0,0,.1);\ntransition:.3s;\n}\n.destination-card:hover{transform:translateY(-8px);box-shadow:0 15px 45px rgba(52,189,239,.25);}\n\n.card-image{width:100%;height:240px;object-fit:cover;}\n.card-content{padding:18px 20px;}\n.card-title{font-size:1.4rem;color:#34BDEF;margin-bottom:10px;font-weight:700;}\n.card-description{font-size:1rem;color:#555;line-height:1.75;margin-bottom:18px;}\n.card-description strong{color:#F39200;}\n\n.card-btn{\ndisplay:inline-block;\npadding:10px 22px;border-radius:50px;\nbackground:linear-gradient(135deg,#F39200,#d67d00);\ncolor:#fff;font-weight:600;text-decoration:none;\n}\n.card-btn:hover{background:linear-gradient(135deg,#d67d00,#c56b00);}\n\n\/* CTA *\/\n.cta-block{\nmargin:60px auto;padding:70px 20px;\nbackground:linear-gradient(135deg,#34BDEF,#F39200);\ncolor:#fff;text-align:center;border-radius:30px;\n}\n.cta-block h2{font-size:2.1rem;margin-bottom:15px;}\n.cta-block p{font-size:1.15rem;margin-bottom:25px;}\n.cta-block a{\npadding:14px 34px;border-radius:50px;background:#fff;color:#34BDEF;\ntext-decoration:none;font-weight:600;\n}\n\n\/* RESPONSIVE *\/\n@media(max-width:768px){.destination-grid{grid-template-columns:1fr;}}\n<\/style>\n\n<!-- HERO -->\n<section class=\"hero-block\">\n<div class=\"hero-content\">\n<h1>Plan\u00e8te Sauvage - Natuurpark in de Vend\u00e9e<\/h1>\n<p class=\"hero-description\">\nGeniet van een unieke ervaring midden in de natuur met <strong>Sauvage<\/strong>. Safari, shows en animaties wachten op u voor een onvergetelijk dagje uit met het gezin, op slechts enkele minuten van uw verblijf op de camping in de Vend\u00e9e.\n<\/p>\n<div class=\"hero-cta\">\n<a href=\"#incontournables\">Ontdek Plan\u00e8te Sauvage<\/a>\n<\/div>\n<\/div>\n<\/section>\n\n<!-- INTRO SEO LONG -->\n<section class=\"intro-block\">\n<h2>Een uitzonderlijk safariavontuur in de Vend\u00e9e<\/h2>\n\n<p>\nDicht bij je camping, <strong>Sauvage<\/strong> is een niet te missen dierenpark voor gezinnen en natuurliefhebbers. Bekijk dieren van over de hele wereld, verken themagebieden en geniet van shows en educatieve workshops voor alle leeftijden.\n<\/p>\n\n<p>\nHet park biedt een <strong>meeslepende safari<\/strong> met de auto of bus, om leeuwen, giraffen, olifanten en neushoorns te ontdekken in gebieden die hun natuurlijke habitat nabootsen. Een leuke en leerzame ervaring, ideaal om de nieuwsgierigheid van kinderen te stimuleren terwijl ze genieten van een dagje in de buitenlucht.\n<\/p>\n\n<p>\nPlan\u00e8te Sauvage biedt ook <strong>boeiende shows en entertainment<\/strong> De activiteiten omvatten roofvogeldemonstraties, educatieve workshops en contactzones met dieren. Elke activiteit combineert leren met vermaak voor het hele gezin.\n<\/p>\n<\/section>\n\n<!-- CONSEILS -->\n<section class=\"intro-block\">\n<h2>Tips om het meeste uit je bezoek te halen<\/h2>\n\n<p>\nVoor een onvergetelijke ervaring bij <strong>Sauvage<\/strong>, Hier zijn een paar aanbevelingen. Kom vroeg om te profiteren van de <strong>belangrijkste attracties<\/strong> en safari's zonder de drukte. Neem comfortabele schoenen en een camera mee om die unieke momenten met de dieren vast te leggen.\n<\/p>\n\n<p>\nRaadpleeg de <strong>programma van voorstellingen en workshops<\/strong> zodat je je dag kunt plannen en ervoor kunt zorgen dat je geen van de educatieve activiteiten mist. De themagebieden en de educatieve boerderij zijn perfect voor kinderen en combineren plezier met leren over wilde dieren en biodiversiteit.\n<\/p>\n\n<p>\nAarzel niet om een <strong>hoed, zonnebril en zonnebescherming<\/strong>, Zorg dat je de juiste kleding hebt voor het weer, vooral in de zomer, zodat je optimaal van de buitencursussen kunt genieten.\n<\/p>\n<\/section>\n\n<!-- BLOCS PRINCIPAUX -->\n<section class=\"destinations-block\" id=\"incontournables\">\n<h2>De niet te missen hoogtepunten van Plan\u00e8te Sauvage<\/h2>\n<p>Safari, shows en interactieve zones: niet te missen bezoekjes.<\/p>\n\n<div class=\"destination-grid\">\n\n<!-- SAFARI -->\n<div class=\"destination-card\">\n<img decoding=\"async\" class=\"card-image\" src=\"https:\/\/www.planetesauvage.com\/fileadmin\/user_upload\/planete_sauvage\/Piste-Safaro.png\" alt=\"Dierensafari bij Plan\u00e8te Sauvage\">\n<div class=\"card-content\">\n<h3 class=\"card-title\">Levendige safari<\/h3>\n<p class=\"card-description\">\nVertrek op een <strong>dierensafari<\/strong> en observeer leeuwen, giraffen, zebra's en neushoorns in speciaal aangepaste natuurgebieden. Een fascinerende ervaring voor jong en oud, dicht bij de wilde dieren.\n<\/p>\n<a href=\"https:\/\/www.planetesauvage.com\/le-parc\/les-univers\/la-piste-safari\" class=\"card-btn\">Ontdek de safari \u2192<\/a>\n<\/div>\n<\/div>\n\n<!-- SPECTACLES -->\n<div class=\"destination-card\">\n<img decoding=\"async\" class=\"card-image\" src=\"https:\/\/www.planetesauvage.com\/fileadmin\/user_upload\/planete_sauvage\/dauphin-bandeau.jpg\" alt=\"Wildshow Plan\u00e8te Sauvage\">\n<div class=\"card-content\">\n<h3 class=\"card-title\">Shows en entertainment<\/h3>\n<p class=\"card-description\">\nGa naar <strong>educatieve shows<\/strong> en roofvogeldemonstraties, om meer te leren over het gedrag van dieren en de problemen die komen kijken bij het beschermen van diersoorten.\n<\/p>\n<a href=\"https:\/\/www.planetesauvage.com\/le-parc\/les-univers\/la-cite-marine\" class=\"card-btn\">Bekijk de shows \u2192<\/a>\n<\/div>\n<\/div>\n\n<!-- ZONES TH\u00c9MATIQUES -->\n<div class=\"destination-card\">\n<img decoding=\"async\" class=\"card-image\" src=\"https:\/\/www.planetesauvage.com\/fileadmin\/_processed_\/8\/5\/csm_PSX075_Plans_BD_02_compressed_Pieton_703ab70f1f.png\" alt=\"Themazones Plan\u00e8te Sauvage\">\n<div class=\"card-content\">\n<h3 class=\"card-title\">Thematische zones<\/h3>\n<p class=\"card-description\">\nOntdek de <strong>Afrikaanse savanne<\/strong>de <strong>Aziatische jungle<\/strong>, en <strong>aquatische en tropische gebieden<\/strong> om je volledig onder te dompelen in verschillende habitats en verschillende soorten te observeren.\n<\/p>\n<a href=\"https:\/\/www.planetesauvage.com\/le-parc\/les-univers\" class=\"card-btn\">Gebieden verkennen \u2192<\/a>\n<\/div>\n<\/div>\n\n<!-- FERME P\u00c9DAGOGIQUE -->\n<div class=\"destination-card\">\n<img decoding=\"async\" class=\"card-image\" src=\"https:\/\/www.achards-tourisme.com\/wp-content\/uploads\/wpetourisme\/planete-sauvage-24672-4b6a78bdc33a4805a73d110b1b6a9f04-1200x800.png\" alt=\"Educatieve boerderij Plan\u00e8te Sauvage\">\n<div class=\"card-content\">\n<h3 class=\"card-title\">Educatieve boerderij<\/h3>\n<p class=\"card-description\">\nA <strong>interactieve zone voor kinderen<\/strong> waar je de lokale biodiversiteit kunt ontdekken, huisdieren kunt ontmoeten en deel kunt nemen aan educatieve workshops. Het is een leuke en leerzame manier om jongeren over natuurbescherming te leren.\n<\/p>\n<a href=\"https:\/\/www.planetesauvage.com\/\" class=\"card-btn\">Ontdek de boerderij \u2192<\/a>\n<\/div>\n<\/div>\n\n<\/div>\n<\/section>\n\n<!-- INFOS PRATIQUES -->\n<section class=\"intro-block\">\n<h2>Praktische informatie voor uw bezoek vanaf de camping<\/h2>\n\n<p>\nPlan\u00e8te Sauvage ligt op slechts een paar minuten rijden van de camping, waardoor het een gemakkelijk en leuk dagje uit is voor gezinnen. Het park is toegankelijk voor mindervaliden en biedt schaduwrijke plekken om te ontspannen.\n<\/p>\n\n<p>\nEr zijn verschillende eetgelegenheden en picknickplaatsen. Bezoekers kunnen ook winkels vinden om een souvenir van hun dag in het park mee naar huis te nemen.\n<\/p>\n\n<p>\nHet park is in het hoogseizoen elke dag geopend, met aangepaste openingstijden zodat je optimaal van alle attracties kunt genieten. Vergeet niet je kaartjes van tevoren te reserveren om wachtrijen te vermijden en plan je dag rond de shows en workshops die je interesseren.\n<\/p>\n<\/section>\n\n<!-- SENSIBILISATION ET \u00c9DUCATION -->\n<section class=\"intro-block\">\n<h2>Leren terwijl je plezier hebt: bewustmaking en behoud<\/h2>\n\n<p>\nPlan\u00e8te Sauvage zet zich in voor <strong>behoud van soorten<\/strong> en het publiek bewuster te maken van het milieu. Bezoekers leren over het gedrag van dieren, hun natuurlijke habitat en de uitdagingen van het beschermen van de biodiversiteit.\n<\/p>\n\n<p>\nEducatieve workshops, lezingen en shows combineren plezier en leren en geven zowel kinderen als volwassenen de sleutel tot een beter begrip en respect voor wilde dieren.\n<\/p>\n\n<p>\nElk bezoek draagt ook bij aan de beschermingsprogramma's van het park, die bedreigde diersoorten helpen beschermen en wetenschappelijk onderzoek naar dieren uitvoeren.\n<\/p>\n<\/section>\n\n<!-- CTA FINAL -->\n<section class=\"cta-block\">\n<h2>Boek uw bezoek aan Plan\u00e8te Sauvage<\/h2>\n<p>\nProfiteer van uw verblijf op de camping om het volgende te ervaren <strong>een unieke gezinservaring<\/strong>. Safari's, shows en educatieve workshops wachten op je voor een onvergetelijke dag in de Vend\u00e9e.\n<\/p>\n<a href=\"https:\/\/www.planetesauvage.com\/\" target=\"_blank\">Boek uw bezoek<\/a>\n<\/section>\n\n<\/div><\/div><\/div>\n<\/div><\/div>","protected":false},"excerpt":{"rendered":"<p>\ud83e\udd81 Plan\u00e8te Sauvage \u2014 Parc animalier en Vend\u00e9e Vivez une exp\u00e9rience unique au c\u0153ur de la nature avec Plan\u00e8te Sauvage. Safari, spectacles et animations vous attendent pour une journ\u00e9e inoubliable en famille, \u00e0 quelques minutes de votre s\u00e9jour au camping en Vend\u00e9e. D\u00e9couvrir Plan\u00e8te Sauvage Une aventure safari exceptionnelle en Vend\u00e9e Situ\u00e9 \u00e0 proximit\u00e9 de [&hellip;]<\/p>\n","protected":false},"author":1,"featured_media":36293,"parent":24874,"menu_order":0,"comment_status":"closed","ping_status":"closed","template":"","meta":{"_acf_changed":false,"_seopress_robots_primary_cat":"","_seopress_titles_title":"Parc animalier Plan\u00e8te Sauvage - Domaine de Bellevue","_seopress_titles_desc":"D\u00e9couvrez Plan\u00e8te Sauvage. Un parc animalier immersif \u00e0 quelques minutes du camping. Lions, Girafes, El\u00e9phants, venez d\u00e9couvrir ces animaux.","_seopress_robots_index":"","_vp_format_video_url":"","_vp_image_focal_point":[],"footnotes":""},"class_list":["post-24897","page","type-page","status-publish","has-post-thumbnail","hentry"],"acf":[],"_links":{"self":[{"href":"https:\/\/www.vendee-camping-bellevue.com\/nl\/wp-json\/wp\/v2\/pages\/24897","targetHints":{"allow":["GET"]}}],"collection":[{"href":"https:\/\/www.vendee-camping-bellevue.com\/nl\/wp-json\/wp\/v2\/pages"}],"about":[{"href":"https:\/\/www.vendee-camping-bellevue.com\/nl\/wp-json\/wp\/v2\/types\/page"}],"author":[{"embeddable":true,"href":"https:\/\/www.vendee-camping-bellevue.com\/nl\/wp-json\/wp\/v2\/users\/1"}],"replies":[{"embeddable":true,"href":"https:\/\/www.vendee-camping-bellevue.com\/nl\/wp-json\/wp\/v2\/comments?post=24897"}],"version-history":[{"count":11,"href":"https:\/\/www.vendee-camping-bellevue.com\/nl\/wp-json\/wp\/v2\/pages\/24897\/revisions"}],"predecessor-version":[{"id":36291,"href":"https:\/\/www.vendee-camping-bellevue.com\/nl\/wp-json\/wp\/v2\/pages\/24897\/revisions\/36291"}],"up":[{"embeddable":true,"href":"https:\/\/www.vendee-camping-bellevue.com\/nl\/wp-json\/wp\/v2\/pages\/24874"}],"wp:featuredmedia":[{"embeddable":true,"href":"https:\/\/www.vendee-camping-bellevue.com\/nl\/wp-json\/wp\/v2\/media\/36293"}],"wp:attachment":[{"href":"https:\/\/www.vendee-camping-bellevue.com\/nl\/wp-json\/wp\/v2\/media?parent=24897"}],"curies":[{"name":"wp","href":"https:\/\/api.w.org\/{rel}","templated":true}]}}