{"id":24983,"date":"2024-12-16T15:30:40","date_gmt":"2024-12-16T14:30:40","guid":{"rendered":"https:\/\/www.vendee-camping-bellevue.com\/?page_id=24983"},"modified":"2026-02-06T12:01:37","modified_gmt":"2026-02-06T11:01:37","slug":"ervaringen-verkoper","status":"publish","type":"page","link":"https:\/\/www.vendee-camping-bellevue.com\/nl\/experiences-vendee\/","title":{"rendered":"Vakantie-ervaringen op maat"},"content":{"rendered":"<div class=\"wp-block-stackable-columns alignfull stk-block-columns stk-block stk-330464d\" data-block-id=\"330464d\"><div class=\"stk-row stk-inner-blocks stk-block-content stk-content-align stk-330464d-column alignfull\">\n<div class=\"wp-block-stackable-column stk-block-column stk-column stk-block stk-11d46e6\" data-v=\"4\" data-block-id=\"11d46e6\"><div class=\"stk-column-wrapper stk-block-column__content stk-container stk-11d46e6-container stk--no-background stk--no-padding\"><div class=\"stk-block-content stk-inner-blocks stk-11d46e6-inner-blocks\">\n<style>\n*{margin:0;padding:0;box-sizing:border-box;font-family:'Segoe UI',Tahoma,Geneva,Verdana,sans-serif;}\n\n\/* HERO *\/\n.hero-block{\nposition:relative;width:100vw;margin-left:calc(50% - 50vw);margin-right:calc(50% - 50vw);\nmin-height:60vh;display:flex;align-items:center;justify-content:center;overflow:hidden;\nbackground:linear-gradient(135deg,rgba(52,189,239,.85),rgba(243,146,0,.85)),\nurl('https:\/\/www.vendee-camping-bellevue.com\/wp-content\/uploads\/2026\/01\/rsz_1bocage-1.jpg');\nbackground-size:cover;background-position:center;\n}\n\n.hero-content{position:relative;z-index:2;max-width:1000px;padding:0 20px;text-align:center;color:#fff;}\n.hero-content h1{font-size:2.8rem;margin-bottom:15px;line-height:1.2;}\n.hero-description{font-size:1.15rem;line-height:1.6;margin-bottom:25px;}\n.hero-cta a{padding:12px 28px;border-radius:50px;color:#fff;text-decoration:none;font-weight:600;background:#34BDEF;}\n.hero-cta a:hover{background:#1f83bd;}\n\n\/* INTRO *\/\n.intro-block{\nmax-width:950px;margin:50px auto;padding:40px 25px;background:#fff;border-radius:25px;\ntext-align:center;box-shadow:0 15px 50px rgba(0,0,0,.15);\n}\n.intro-block h2{font-size:1.9rem;margin-bottom:15px;color:#34BDEF;}\n.intro-block p{font-size:1.1rem;line-height:1.75;color:#444;margin-bottom:12px;}\n.intro-block strong{color:#F39200;}\n\n\/* SECTION TITRE PRINCIPAL AVEC SEPARATEUR *\/\n.section-title{\ntext-align:center;\nmargin:70px 0 35px;\nfont-size:2.2rem;\nfont-weight:700;\npadding:25px 15px;\nborder-radius:15px;\ncolor:#fff;\n}\n.section-mer { background: linear-gradient(135deg,#34BDEF,#1f83bd); }\n.section-nature { background: linear-gradient(135deg,#34bd8e,#1f8f5e); }\n.section-loisirs { background: linear-gradient(135deg,#F39200,#d67d00); }\n\n.section-title::after {\n  content:\"\";\n  display:block;\n  width:80px;\n  height:4px;\n  margin:12px auto 0;\n  border-radius:2px;\n  background:#fff;\n}\n\n\/* GRID *\/\n.destinations-block{padding:40px 20px;}\n.destinations-block h3{text-align:center;font-size:1.8rem;margin-bottom:10px;color:#34BDEF;}\n.destinations-block p{text-align:center;color:#666;margin-bottom:25px;}\n\n.destination-grid{display:grid;grid-template-columns:repeat(2,1fr);gap:28px;}\n\n.destination-card{\nbackground:#fff;border-radius:25px;overflow:hidden;\nbox-shadow:0 10px 30px rgba(0,0,0,.1);\ntransition:.3s;\n}\n.destination-card:hover{transform:translateY(-8px);box-shadow:0 15px 45px rgba(52,189,239,.25);}\n\n.card-image{width:100%;height:240px;object-fit:cover;}\n.card-content{padding:18px 20px;}\n.card-title{font-size:1.4rem;color:#34BDEF;margin-bottom:10px;font-weight:700;}\n.card-description{font-size:1rem;color:#555;line-height:1.75;margin-bottom:18px;}\n.card-description strong{color:#F39200;}\n\n.card-btn{\ndisplay:inline-block;\npadding:10px 22px;border-radius:50px;\nbackground:linear-gradient(135deg,#F39200,#d67d00);\ncolor:#fff;font-weight:600;text-decoration:none;\n}\n.card-btn:hover{background:linear-gradient(135deg,#d67d00,#c56b00);}\n\n\/* CTA *\/\n.cta-block{\nmargin:60px auto;padding:70px 20px;\nbackground:linear-gradient(135deg,#34BDEF,#F39200);\ncolor:#fff;text-align:center;border-radius:30px;\n}\n.cta-block h2{font-size:2.1rem;margin-bottom:15px;}\n.cta-block p{font-size:1.15rem;margin-bottom:25px;}\n.cta-block a{\npadding:14px 34px;border-radius:50px;background:#fff;color:#34BDEF;\ntext-decoration:none;font-weight:600;\n}\n\n\/* RESPONSIVE *\/\n@media(max-width:768px){.destination-grid{grid-template-columns:1fr;}}\n<\/style>\n\n<!-- HERO -->\n<section class=\"hero-block\">\n<div class=\"hero-content\">\n<h1>Belevenissen in de Vend\u00e9e - Zee, natuur &amp; vrije tijd<\/h1>\n<p class=\"hero-description\">\nSinds <strong>Camping Paradis Domaine de Bellevue<\/strong>, Ontdek de vele facetten van de Vend\u00e9e: stranden, duinen, bossen, moerassen en een verscheidenheid aan activiteiten voor alle leeftijden. Profiteer van de ideale ligging van de camping om al deze wonderen te ontdekken en onvergetelijke herinneringen te cre\u00ebren.\n<\/p>\n<div class=\"hero-cta\">\n<a href=\"#mer\">Bekijk de ervaringen<\/a>\n<\/div>\n<\/div>\n<\/section>\n\n<!-- INTRO -->\n<section class=\"intro-block\">\n<h2>Uw verblijf in het hart van de Vend\u00e9e<\/h2>\n<p>\nLogeren bij <strong>Camping Paradis Domaine de Bellevue<\/strong> biedt je bevoorrechte toegang tot de natuurlijke en culturele schatten van de regio. Of je nu met je gezin, met vrienden of met z'n twee\u00ebn bent, elke dag kan zo worden gepland dat je optimaal kunt genieten van de stranden, de kustlijn, de wandelpaden en de plaatselijke activiteiten.\n<\/p>\n<p>\nDankzij de nabijheid van Saint-Hilaire-de-Riez en de omliggende gemeenten is de camping het ideale vertrekpunt voor daguitstapjes of korte vakanties. Wandelingen langs de oceaan, ontdekking van de flora en fauna, sportieve activiteiten of momenten van ontspanning: het is allemaal mogelijk op een paar minuten van je accommodatie.\n<\/p>\n<p>\nWe hebben een selectie gemaakt van niet te missen ervaringen, gegroepeerd onder drie hoofdrubrieken: <strong>Zee, natuur en vrije tijd<\/strong>. Elke sectie hieronder beschrijft een typische dag, met praktisch advies en aanbevelingen over hoe je het meeste uit je verblijf kunt halen terwijl je dicht bij huis blijft. <strong>Camping Paradis Domaine de Bellevue<\/strong>.\n<\/p>\n<\/section>\n\n<!-- C\u00d4T\u00c9 MER -->\n<h2 class=\"section-title section-mer\" id=\"mer\">C\u00f4t\u00e9 Mer<\/h2>\n<section class=\"destinations-block\">\n<div class=\"destination-grid\">\n\n<div class=\"destination-card\">\n<img decoding=\"async\" class=\"card-image\" src=\"https:\/\/www.vendee-camping-bellevue.com\/wp-content\/uploads\/2024\/12\/2497_IledYeu10_5479x3653.jpg\">\n<div class=\"card-content\">\n<h3 class=\"card-title\">Dagtocht naar \u00cele d'Yeu<\/h3>\n<p class=\"card-description\">\nOp weg naar de\u2019<strong>Yeu-eiland<\/strong>, die kan worden bereikt met de veerboot vanuit Fromentine, op slechts 45 minuten van Le Havre. <strong>Camping Paradis Domaine de Bellevue<\/strong>. Dit wilde en ongerepte eiland is ideaal voor een ontdekkingstocht van een hele dag: stranden, kliffen, kustpaden en pittoreske dorpjes wachten op je.\n<\/p>\n<p>\nJe kunt de stranden verkennen voor een ochtendduik, de paden per fiets of te voet volgen om de plaatselijke flora te bewonderen en lunchen in een typisch Port-Joinville restaurant. De dag eindigt ideaal met een terugkeer naar de camping om te genieten van een gezellige en ontspannen avond.\n<\/p>\n<a href=\"https:\/\/www.vendee-camping-bellevue.com\/nl\/ile-dyeu\/\" class=\"card-btn\">Ontdek het eiland \u2192<\/a>\n<\/div>\n<\/div>\n\n<div class=\"destination-card\">\n<img decoding=\"async\" class=\"card-image\" src=\"https:\/\/www.vendee-camping-bellevue.com\/wp-content\/uploads\/2024\/12\/Saint-Gilles-Croix-de-Vie-DSC_1734-1000-px.jpg\">\n<div class=\"card-content\">\n<h3 class=\"card-title\">Een dag in Saint-Gilles-Croix-de-Vie<\/h3>\n<p class=\"card-description\">\nOp slechts 20 minuten van <strong>Camping Paradis Domaine de Bellevue<\/strong>, Ontdek Saint-Gilles-Croix-de-Vie. De levendige haven, brede stranden en kleurrijke markten maken deze stad een must voor een dagje uit waarbij ontspanning en cultuur hand in hand gaan.\n<\/p>\n<p>\nGeniet van activiteiten op het water, zoals strandzeilen, paddleboarden en kajakken. Gezinnen kunnen langs de kust wandelen en de plaatselijke specialiteiten proeven, terwijl fotografieliefhebbers zullen genieten van het panoramische uitzicht op de oceaan. De nabijheid van de camping maakt het gemakkelijk om terug te keren voor een diner of een ontspannende pauze.\n<\/p>\n<a href=\"https:\/\/www.vendee-camping-bellevue.com\/nl\/familie-ervaring\/\" class=\"card-btn\">De stad verkennen \u2192<\/a>\n<\/div>\n<\/div>\n\n<\/div>\n<\/section>\n\n<!-- C\u00d4T\u00c9 NATURE -->\n<h2 class=\"section-title section-nature\" id=\"nature\">Natuur<\/h2>\n<section class=\"destinations-block\">\n<div class=\"destination-grid\">\n\n<div class=\"destination-card\">\n<img decoding=\"async\" class=\"card-image\" src=\"https:\/\/www.vendee-camping-bellevue.com\/wp-content\/uploads\/2025\/01\/Vendee_Velo_Apremont_034.jpg\">\n<div class=\"card-content\">\n<h3 class=\"card-title\">100% Natuurdag<\/h3>\n<p class=\"card-description\">\nGeniet van een dag in het hart van de natuur, op slechts een paar minuten van de <strong>Camping Paradis Domaine de Bellevue<\/strong>. Bossen, duinen en kustpaden nodigen uit tot wandelen of fietsen, ideaal om de plaatselijke flora en fauna te observeren.\n<\/p>\n<p>\nDeze ervaring is perfect voor gezinnen en natuurliefhebbers. Je kunt picknicken bij een meer of op een afgelegen strand, beschermde gebieden ontdekken en genieten van de rust en stilte van deze ongerepte landschappen.\n<\/p>\n<a href=\"https:\/\/www.vendee-camping-bellevue.com\/nl\/natuurbeleving\/\" class=\"card-btn\">De natuur ontdekken \u2192<\/a>\n<\/div>\n<\/div>\n\n<div class=\"destination-card\">\n<img decoding=\"async\" class=\"card-image\" src=\"https:\/\/www.vendee-camping-bellevue.com\/wp-content\/uploads\/2025\/01\/maraispoitevin_embarcadere_lemazeau_079-1000-px.jpg\">\n<div class=\"card-content\">\n<h3 class=\"card-title\">Een dag in de Marais Poitevin<\/h3>\n<p class=\"card-description\">\nDe <strong>Poitevin Moeras<\/strong>, bijgenaamd het Groene Veneti\u00eb, is toegankelijk voor een onvergetelijke ontdekkingsdag vanaf de <strong>Camping Paradis Domaine de Bellevue<\/strong>. Huur een traditionele roeiboot of neem de fietspaden om de kanalen te verkennen en de wilde dieren te observeren.\n<\/p>\n<p>\nKinderen zullen genieten van de boottochten, terwijl volwassenen de typische dorpjes en de ecologische rijkdom van de moerassen kunnen ontdekken. Deze excursie combineert ontdekking, ontspanning en onderdompeling in een unieke omgeving, allemaal gemakkelijk te plannen vanuit je verblijf op de camping.\n<\/p>\n<a href=\"https:\/\/www.vendee-camping-bellevue.com\/nl\/ervaring-100-decouverte\/\" class=\"card-btn\">Verken het moeras \u2192<\/a>\n<\/div>\n<\/div>\n\n<\/div>\n<\/section>\n\n<!-- C\u00d4T\u00c9 LOISIRS -->\n<h2 class=\"section-title section-loisirs\" id=\"loisirs\">C\u00f4t\u00e9 Loisirs<\/h2>\n<section class=\"destinations-block\">\n<div class=\"destination-grid\">\n\n<div class=\"destination-card\">\n<img decoding=\"async\" class=\"card-image\" src=\"https:\/\/www.vendee-camping-bellevue.com\/wp-content\/uploads\/2026\/02\/VendeeMiniature5.jpg\">\n<div class=\"card-content\">\n<h3 class=\"card-title\">Regenachtige dag<\/h3>\n<p class=\"card-description\">\nZelfs in de regen is de <strong>Camping Paradis Domaine de Bellevue<\/strong> blijft het ideale startpunt voor overdekte activiteiten. Musea, aquaria en educatieve workshops bieden verrijkende ervaringen voor het hele gezin.\n<\/p>\n<p>\nJe kunt de dag indelen zoals je zelf wilt: een cultureel bezoek in de ochtend, lunch in een lokaal restaurant en een middag plezier maken in een overdekte ruimte. s Avonds keer je terug naar de camping om te genieten van het entertainment of om te ontspannen bij het vuur.\n<\/p>\n<a href=\"https:\/\/www.vendee-camping-bellevue.com\/nl\/een-regenachtige-dag\/\" class=\"card-btn\">Behandelde activiteiten \u2192<\/a>\n<\/div>\n<\/div>\n\n<div class=\"destination-card\">\n<img decoding=\"async\" class=\"card-image\" src=\"https:\/\/www.vendee-camping-bellevue.com\/wp-content\/uploads\/2025\/03\/LeGrandDefi2.jpg\">\n<div class=\"card-content\">\n<h3 class=\"card-title\">100% adrenaline dag<\/h3>\n<p class=\"card-description\">\nVoor sensatiezoekers is er de <strong>Camping Paradis Domaine de Bellevue<\/strong> Je bent vlak bij een keur aan activiteiten, zoals strandzeilen, surfen, boomklimmen en avonturenparken. \n<\/p>\n<p>\nDeze dag staat garant voor adrenaline en plezier voor alle leeftijden. Na een ochtend vol sportieve uitdagingen kun je genieten van een gezellige lunch voordat je terugkeert naar de camping om te ontspannen of je heldendaden met de familie te delen.\n<\/p>\n<a href=\"https:\/\/www.vendee-camping-bellevue.com\/nl\/ervaar-adrenaline\/\" class=\"card-btn\">Het avontuur beleven \u2192<\/a>\n<\/div>\n<\/div>\n\n<\/div>\n<\/section>\n\n<!-- CTA -->\n<section class=\"cta-block\">\n<h2>Plan uw verblijf in de Vend\u00e9e<\/h2>\n<p>\nSinds <strong>Camping Paradis Domaine de Bellevue<\/strong>, Al deze ervaringen zijn gemakkelijk bereikbaar. Of je nu van de zee houdt, van de natuur of van sensatie, elke dag kan worden georganiseerd om het beste uit je verblijf te halen en ontspannen en voldaan terug te keren.\n<\/p>\n<a href=\"https:\/\/www.vendee-camping-bellevue.com\/nl\/\">Boek je verblijf \u2192<\/a>\n<\/section>\n\n<\/div><\/div><\/div>\n<\/div><\/div>","protected":false},"excerpt":{"rendered":"<p>\ud83c\udf0a Exp\u00e9riences Vend\u00e9e \u2014 Mer, Nature &#038; Loisirs Depuis le Camping Paradis Domaine de Bellevue, partez \u00e0 la d\u00e9couverte de la Vend\u00e9e sous toutes ses facettes : plages, dunes, for\u00eats, marais et activit\u00e9s vari\u00e9es pour tous les \u00e2ges. Profitez de l\u2019emplacement id\u00e9al du camping pour explorer facilement toutes ces merveilles et cr\u00e9er des souvenirs inoubliables. [&hellip;]<\/p>\n","protected":false},"author":1,"featured_media":35768,"parent":0,"menu_order":0,"comment_status":"closed","ping_status":"closed","template":"","meta":{"_acf_changed":false,"_seopress_robots_primary_cat":"","_seopress_titles_title":"Exp\u00e9riences vacances en Vend\u00e9e","_seopress_titles_desc":"Large choix d'exp\u00e9riences pour vos vacances en Vend\u00e9e. D\u00e9couvrez des exp\u00e9riences sur-mesure propos\u00e9es par les \u00e9quipes du camping.","_seopress_robots_index":"","_vp_format_video_url":"","_vp_image_focal_point":[],"footnotes":""},"class_list":["post-24983","page","type-page","status-publish","has-post-thumbnail","hentry"],"acf":[],"_links":{"self":[{"href":"https:\/\/www.vendee-camping-bellevue.com\/nl\/wp-json\/wp\/v2\/pages\/24983","targetHints":{"allow":["GET"]}}],"collection":[{"href":"https:\/\/www.vendee-camping-bellevue.com\/nl\/wp-json\/wp\/v2\/pages"}],"about":[{"href":"https:\/\/www.vendee-camping-bellevue.com\/nl\/wp-json\/wp\/v2\/types\/page"}],"author":[{"embeddable":true,"href":"https:\/\/www.vendee-camping-bellevue.com\/nl\/wp-json\/wp\/v2\/users\/1"}],"replies":[{"embeddable":true,"href":"https:\/\/www.vendee-camping-bellevue.com\/nl\/wp-json\/wp\/v2\/comments?post=24983"}],"version-history":[{"count":26,"href":"https:\/\/www.vendee-camping-bellevue.com\/nl\/wp-json\/wp\/v2\/pages\/24983\/revisions"}],"predecessor-version":[{"id":36627,"href":"https:\/\/www.vendee-camping-bellevue.com\/nl\/wp-json\/wp\/v2\/pages\/24983\/revisions\/36627"}],"wp:featuredmedia":[{"embeddable":true,"href":"https:\/\/www.vendee-camping-bellevue.com\/nl\/wp-json\/wp\/v2\/media\/35768"}],"wp:attachment":[{"href":"https:\/\/www.vendee-camping-bellevue.com\/nl\/wp-json\/wp\/v2\/media?parent=24983"}],"curies":[{"name":"wp","href":"https:\/\/api.w.org\/{rel}","templated":true}]}}