{"id":35583,"date":"2026-01-30T15:20:21","date_gmt":"2026-01-30T14:20:21","guid":{"rendered":"https:\/\/www.vendee-camping-bellevue.com\/?page_id=35583"},"modified":"2026-01-30T15:20:21","modified_gmt":"2026-01-30T14:20:21","slug":"de-stranden-van-vendee","status":"publish","type":"page","link":"https:\/\/www.vendee-camping-bellevue.com\/nl\/les-plages-de-vendee\/","title":{"rendered":"De stranden van de Vend\u00e9e"},"content":{"rendered":"<div class=\"wp-block-stackable-columns alignfull stk-block-columns stk-block stk-218a9cb\" data-block-id=\"218a9cb\"><div class=\"stk-row stk-inner-blocks stk-block-content stk-content-align stk-218a9cb-column alignfull\">\n<div class=\"wp-block-stackable-column stk-block-column stk-column stk-block stk-2202e02\" data-v=\"4\" data-block-id=\"2202e02\"><div class=\"stk-column-wrapper stk-block-column__content stk-container stk-2202e02-container stk--no-background stk--no-padding\"><div class=\"stk-block-content stk-inner-blocks stk-2202e02-inner-blocks\">\n<style>\n\/* ==============================\n   PAGE PLAGES DE VEND\u00c9E \u2013 BLOC HTML\n   DESIGN HERO \/ CARDS \/ CTA\n   ============================== *\/\n\n\/* === BASE === *\/\n.hero-block *, .intro-block *, .destinations-block *, .cta-block * {\n    margin: 0;\n    padding: 0;\n    box-sizing: border-box;\n    font-family: 'Segoe UI', Tahoma, Geneva, Verdana, sans-serif;\n}\n\n\/* === HERO === *\/\n.hero-block {\n    position: relative;\n    width: 100%;\n    min-height: 80vh;\n    display: flex;\n    align-items: center;\n    justify-content: center;\n    overflow: hidden;\n    background:\n        linear-gradient(135deg, rgba(52, 189, 239, 0.85) 0%, rgba(243, 146, 0, 0.85) 100%),\n        url('https:\/\/www.vendee-camping-bellevue.com\/wp-content\/uploads\/2025\/11\/st-hilaire-de-riez-la-corniche.jpg?text=Saint-Hilaire-de-Riez');\n    background-size: cover;\n    background-position: center;\n    text-align: center;\n    color: white;\n}\n.hero-block::before {\n    content:'';\n    position:absolute; inset:0;\n    background: radial-gradient(circle at 35% 50%, rgba(52,189,239,0.2)0%, transparent 50%),\n                radial-gradient(circle at 65% 50%, rgba(243,146,0,0.2)0%, transparent 50%);\n    animation: pulse 8s ease-in-out infinite;\n}\n@keyframes pulse {0%,100%{opacity:0.5;}50%{opacity:0.8;}}\n.hero-content {\n    position: relative;\n    z-index: 2;\n    max-width: 900px;\n    padding: 0 20px;\n}\n.hero-badge {\n    display:inline-block;\n    background: linear-gradient(135deg,#34BDEF 0%,#F39200 100%);\n    color:white;\n    padding: 10px 25px;\n    border-radius: 50px;\n    font-size: 0.95rem;\n    font-weight: 600;\n    margin-bottom: 20px;\n    border:none;\n    box-shadow:0 4px 15px rgba(0,0,0,0.3);\n}\n.hero-content h1 {\n    font-size: 3rem;\n    margin-bottom: 20px;\n    line-height: 1.2;\n    text-shadow: 2px 4px 10px rgba(0,0,0,0.4);\n}\n.hero-content h1 strong { color:#F39200; }\n.hero-description { font-size: 1.25rem; margin-bottom: 25px; text-shadow:1px 2px 6px rgba(0,0,0,0.3); line-height:1.6; }\n.hero-description strong { color:#F39200; }\n.hero-cta {display: inline-flex; gap: 15px; flex-wrap: wrap; justify-content: center;}\n.hero-btn {display:inline-block; padding: 14px 32px; border-radius: 50px; text-decoration: none; font-weight: 600; font-size: 1.15rem; transition: all 0.3s ease; box-shadow:0 5px 15px rgba(0,0,0,0.25);}\n.hero-btn-primary {background: white; color: #34BDEF;}\n.hero-btn-primary:hover {background: #f0f0f0; transform:translateY(-3px);}\n.hero-btn-secondary {background: transparent; color: white; border:2px solid white;}\n.hero-btn-secondary:hover {background:white; color:#34BDEF; transform:translateY(-3px);}\n\n\/* === INTRO === *\/\n.intro-block {\n    background: white;\n    padding: 50px 25px;\n    margin: 40px auto;\n    border-radius: 30px;\n    box-shadow: 0 20px 60px rgba(0,0,0,0.15);\n    max-width: 900px;\n    text-align: center;\n}\n.intro-block p {\n    font-size: 1.15rem;\n    color: #555;\n    line-height: 1.8;\n}\n.intro-block p strong { color:#F39200; }\n.intro-block a { color:#34BDEF; text-decoration:none; font-weight:600; border-bottom:2px solid transparent; }\n.intro-block a:hover { border-bottom-color:#34BDEF; }\n\n\/* === DESTINATIONS === *\/\n.destinations-block { padding: 60px 20px; }\n.destinations-block h2 { text-align:center; font-size:2rem; margin-bottom:15px; position:relative; }\n.destinations-block h2::after { content:''; position:absolute; bottom:-10px; left:50%; transform:translateX(-50%); width:80px; height:4px; background:linear-gradient(90deg,#34BDEF 0%,#F39200 100%); border-radius:2px;}\n.destinations-block p { text-align:center; color:#666; margin-bottom:40px; font-size:1.15rem; }\n\n\/* Grille responsive *\/\n.destination-grid { display:grid; grid-template-columns:repeat(auto-fit, minmax(280px, 1fr)); gap:30px; }\n\n\/* Cards *\/\n.destination-card {\n    display:flex;\n    flex-direction:column;\n    background:white;\n    border-radius:25px;\n    overflow:hidden;\n    box-shadow: 0 10px 30px rgba(0,0,0,0.12);\n    transition: transform 0.3s ease, box-shadow 0.3s ease, background 0.3s ease;\n    cursor:pointer;\n}\n.destination-card:hover { transform:translateY(-8px); box-shadow: 0 18px 40px rgba(243,146,0,0.3); background: linear-gradient(135deg,#E0F4FF 0%, #FFF4E0 100%);}\n.card-image { width:100%; height:240px; object-fit:cover; transition: transform 0.5s ease; }\n.destination-card:hover .card-image { transform:scale(1.1); }\n.card-content { display:flex; flex-direction:column; flex-grow:1; padding:20px; }\n.card-title { font-size:1.3rem; color:#34BDEF; margin-bottom:10px; font-weight:600; }\n.card-description { color:#555; margin-bottom:auto; line-height:1.6; }\n.card-btn { display:inline-block; background: linear-gradient(135deg,#34BDEF 0%,#F39200 100%); color:white; padding:12px 28px; border-radius:50px; text-decoration:none; font-weight:600; transition:all 0.3s ease; margin-top:15px; box-shadow:0 4px 15px rgba(243,146,0,0.3);}\n.card-btn:hover { transform:translateX(5px); box-shadow:0 6px 20px rgba(243,146,0,0.4); }\n\n\/* === SEO LONGUEUR === *\/\n.seo-bloc {\n    margin-top: 70px;\n    background: #f7f7f7;\n    padding: 45px;\n    border-radius: 25px;\n    color:#444;\n    line-height:1.7;\n}\n.seo-bloc h2 { font-size:1.8rem; margin-bottom:20px; color:#34BDEF; text-align:center; }\n.seo-bloc p { margin-bottom:18px; font-size:1.05rem; }\n\n\/* === CTA === *\/\n.cta-block {\n    background:linear-gradient(135deg,#34BDEF 0%,#F39200 100%);\n    color:white;\n    padding:100px 20px 60px 20px;\n    text-align:center;\n    position:relative;\n    border-radius:0 0 30px 30px;\n    overflow:hidden;\n}\n.cta-block::before {\n    content:'';\n    position:absolute;\n    top:-60px;\n    left:0;\n    width:100%;\n    height:100px;\n    background:white;\n    border-bottom-left-radius:50% 100%;\n    border-bottom-right-radius:50% 100%;\n    transform:scaleX(1.02);\n    z-index:1;\n}\n.cta-block h2, .cta-block p {position:relative; z-index:2;}\n.cta-block h2 {font-size:2.2rem; margin-bottom:20px; line-height:1.2; text-shadow:2px 4px 8px rgba(0,0,0,0.3);}\n.cta-block p {font-size:1.2rem; max-width:700px; margin:0 auto 30px auto;}\n\n\/* === RESPONSIVE === *\/\n@media (max-width:1024px) { .destination-grid { grid-template-columns:repeat(2,1fr); } }\n@media (max-width:768px) {\n    .hero-content h1 { font-size:2rem; }\n    .hero-description { font-size:1rem; }\n    .hero-cta { flex-direction:column; gap:10px; }\n    .hero-btn { width:100%; max-width:250px; }\n    .destination-grid { grid-template-columns:1fr; }\n}\n@media (max-width:480px) {\n    .hero-block { min-height:60vh; }\n    .hero-content h1 { font-size:1.6rem; }\n    .hero-description { font-size:0.95rem; }\n}\n<\/style>\n\n<!-- HERO -->\n<section class=\"hero-block\">\n    <div class=\"hero-content\">\n        <div class=\"hero-badge\">Stranden van de Vend\u00e9e<\/div>\n        <h1>Verken de iconische stranden van <strong>Saint-Gilles-Croix-de-Vie<\/strong>, <strong>Saint-Jean-de-Monts<\/strong> en <strong>Saint-Hilaire-de-Riez<\/strong><\/h1>\n        <p class=\"hero-description\">Op slechts 25 minuten van <strong>Camping Paradis Domaine de Bellevue<\/strong>, Ontdek de fijne zandstranden, natuurlijke duinen en kustbossen, perfect om te zwemmen, watersporten te beoefenen of er met het gezin op uit te trekken.<\/p>\n        <div class=\"hero-cta\">\n            <a href=\"https:\/\/www.vendee-camping-bellevue.com\/nl\/\" class=\"hero-btn hero-btn-primary\">Mijn verblijf boeken<\/a>\n            <a href=\"#plages\" class=\"hero-btn hero-btn-secondary\">Bekijk de stranden<\/a>\n        <\/div>\n    <\/div>\n<\/section>\n\n<!-- INTRO -->\n<section class=\"intro-block\">\n    <p>\n        De kustlijn van de Vend\u00e9e bij de <strong>Camping Paradis Domaine de Bellevue<\/strong> biedt een unieke mix van levendige stranden en wilde baaien.\n        Of je nu op zoek bent naar ontspanning, watersport of lange wandelingen langs de kust, de kust van de Vend\u00e9e heeft voor ieder wat wils.\n        Ontdek de schatten van <strong>Saint-Gilles-Croix-de-Vie<\/strong>, <strong>Saint-Jean-de-Monts<\/strong> en <strong>Saint-Hilaire-de-Riez<\/strong>, Dit zijn emblematische, vriendelijke badplaatsen.\n    <\/p>\n    <p>\n        Geniet van veilige gezinsstranden, surf- en zeilgebieden, wandelingen langs de Corniche Vend\u00e9enne en tal van plaatselijke restaurants en markten om de regionale keuken te proeven.\n    <\/p>\n<\/section>\n\n<!-- DESTINATIONS PLAGES -->\n<section class=\"destinations-block\" id=\"plages\">\n    <h2>Must-see stranden in de Vend\u00e9e<\/h2>\n    <p>Fijne zandstranden, watersporten en adembenemende panorama's, allemaal binnen handbereik van de camping.<\/p>\n\n    <div class=\"destination-grid\">\n\n        <!-- Saint Gilles Croix de Vie -->\n        <div class=\"destination-card\" onclick=\"window.location.href='https:\/\/www.vendee-camping-bellevue.com\/plages\/'\">\n            <img decoding=\"async\" class=\"card-image\" src=\"https:\/\/www.vendee-camping-bellevue.com\/wp-content\/uploads\/2025\/03\/Printemps_PlagedeBoisvinet_S-800x532.jpg\" alt=\"Stranden van Saint Gilles Croix de Vie\">\n            <div class=\"card-content\">\n                <h3>Saint-Gilles-Croix-de-Vie<\/h3>\n                <p>Dynamische badplaats met bewaakte stranden, ideaal voor gezinnen en watersportliefhebbers.<\/p>\n                <p>De vissershaven en lokale markten zijn geweldige plekken om de gastronomie en visspecialiteiten uit de Vend\u00e9e te ontdekken.<\/p>\n                <p>Geniet van lange wandelingen langs de dijk, zeilen, paddleboarden of surfen, en een verscheidenheid aan activiteiten voor alle leeftijden.<\/p>\n                <a href=\"https:\/\/www.payssaintgilles-tourisme.fr\/loisir\/grande-plage-de-st-gilles-croix-de-vie\/\" class=\"card-btn\">Ontdek \u2192<\/a>\n            <\/div>\n        <\/div>\n\n        <!-- Saint Jean de Monts -->\n        <div class=\"destination-card\" onclick=\"window.location.href='https:\/\/www.vendee-camping-bellevue.com\/plages\/'\">\n            <img decoding=\"async\" class=\"card-image\" src=\"https:\/\/www.vendee-camping-bellevue.com\/wp-content\/uploads\/2025\/03\/SaintJeandeMonts2.jpg\" alt=\"Stranden van Saint Jean de Monts\">\n            <div class=\"card-content\">\n                <h3>Saint-Jean-de-Monts<\/h3>\n                <p>Enorme zandstranden omzoomd door het nationale bos, perfect om te ontspannen of om aan boardsport te doen.<\/p>\n                <p>Ideaal voor strandzeilen, kitesurfen, beachvolleybal of gewoon genieten van de zon op meerdere kilometers zand.<\/p>\n                <p>De fietspaden en bospaden bieden een verscheidenheid aan activiteiten en stellen je in staat om de ongerepte natuur van de kust van de Vend\u00e9e te ontdekken.<\/p>\n                <a href=\"https:\/\/www.vendee-tourisme.com\/inspirez-moi\/vacances-en-famille\/ou-se-baigner-en-famille-en-toute-securite-pays-de-saint-jean-de-monts\" class=\"card-btn\">Ontdek \u2192<\/a>\n            <\/div>\n        <\/div>\n\n        <!-- Saint Hilaire de Riez -->\n        <div class=\"destination-card\" onclick=\"window.location.href='https:\/\/www.vendee-camping-bellevue.com\/plages\/'\">\n            <img decoding=\"async\" class=\"card-image\" src=\"https:\/\/www.vendee-camping-bellevue.com\/wp-content\/uploads\/2025\/11\/st-hilaire-de-riez-la-corniche.jpg\" alt=\"Stranden van Saint Hilaire de Riez\">\n            <div class=\"card-content\">\n                <h3>Saint-Hilaire-de-Riez<\/h3>\n                <p>Wilde stranden en ongerepte duinen, perfect voor liefhebbers van rust en open ruimte.<\/p>\n                <p>De Corniche Vend\u00e9enne biedt spectaculaire panoramische uitzichten en baaien om te ontdekken tijdens gejodeerde wandelingen met het gezin of met vrienden.<\/p>\n                <p>Talrijke watersportclubs en zomerevenementen maken de zee-ervaring voor jong en oud compleet.<\/p>\n                <a href=\"https:\/\/www.sainthilairederiez.fr\/les-plages\/\" class=\"card-btn\">Meer zien \u2192<\/a>\n            <\/div>\n        <\/div>\n\n    <\/div>\n\n    <!-- BLOCS SEO LONG -->\n    <div class=\"seo-bloc\">\n        <h2>Waarom de stranden van de Vend\u00e9e kiezen voor uw vakantie?<\/h2>\n        <p>De Vend\u00e9e is een ideale kustbestemming voor alle soorten reizigers. De stranden zijn gevarieerd: stukken fijn zand om te luieren, wildere gebieden om nieuwe energie op te doen en perfecte plekken om te surfen, zeilen of paddleboarden.<\/p>\n        <p>Saint-Gilles-Croix-de-Vie biedt een authentieke omgeving met zijn vissershaven, markten en entertainment, perfect voor gezinnen en liefhebbers van maritiem erfgoed.<\/p>\n        <p>Saint-Jean-de-Monts staat bekend om zijn kilometerslange fijne zand en beschermde duinen, met watersporten voor alle niveaus, maar ook bospaden voor schaduwrijke wandelingen.<\/p>\n        <p>Saint-Hilaire-de-Riez heeft een wildere kustlijn, ideaal om weer in contact te komen met de natuur. De Corniche Vend\u00e9enne biedt een uitzonderlijk panoramisch uitzicht en prachtige baaien om in te zwemmen.<\/p>\n        <p>Door te verblijven bij <strong>Camping Paradis Domaine de Bellevue<\/strong>, De camping ligt op slechts 25 minuten van deze stranden, terwijl je geniet van de rust van het achterland van de Vend\u00e9e. Je kunt dagen aan zee, culturele bezoeken, lokale markten en ontspannen op de camping gemakkelijk afwisselen.<\/p>\n        <p>Deze stranden zijn perfect voor gezinnen, stellen of groepen vrienden en bieden een ideale balans tussen vrije tijd, natuur en het ontdekken van het erfgoed van de Vend\u00e9e. Geniet van de lokale gastronomie, zeevruchten en regionale producten terwijl je deze uitzonderlijke kustlijn verkent.<\/p>\n    <\/div>\n<\/section>\n\n<!-- CTA -->\n<section class=\"cta-block\">\n    <h2>Geniet van een onvergetelijke vakantie op de stranden van de Vend\u00e9e<\/h2>\n    <p>Tussen het fijne zand, de natuurlijke duinen en het nationale bos geniet je optimaal van je verblijf in het <strong>Camping Paradis Domaine de Bellevue<\/strong> om de kustlijn van de Vend\u00e9e en haar iconische badplaatsen te ontdekken.<\/p>\n    <a href=\"https:\/\/www.vendee-camping-bellevue.com\/nl\/\" class=\"hero-btn hero-btn-primary\">Boek nu<\/a>\n<\/section>\n\n<\/div><\/div><\/div>\n<\/div><\/div>","protected":false},"excerpt":{"rendered":"<p>\ud83c\udf0a Plages de Vend\u00e9e Explorez les plages embl\u00e9matiques de Saint-Gilles-Croix-de-Vie, Saint-Jean-de-Monts et Saint-Hilaire-de-Riez \u00c0 seulement 25 minutes du Camping Paradis Domaine de Bellevue, d\u00e9couvrez des plages de sable fin, dunes naturelles et for\u00eats littorales, parfaites pour la baignade, les sports nautiques ou les balades familiales. R\u00e9server mon s\u00e9jour Voir les plages Le littoral vend\u00e9en \u00e0 [&hellip;]<\/p>\n","protected":false},"author":3,"featured_media":0,"parent":0,"menu_order":0,"comment_status":"closed","ping_status":"closed","template":"","meta":{"_acf_changed":false,"_seopress_robots_primary_cat":"","_seopress_titles_title":"","_seopress_titles_desc":"","_seopress_robots_index":"","_vp_format_video_url":"","_vp_image_focal_point":[],"footnotes":""},"class_list":["post-35583","page","type-page","status-publish","hentry"],"acf":[],"_links":{"self":[{"href":"https:\/\/www.vendee-camping-bellevue.com\/nl\/wp-json\/wp\/v2\/pages\/35583","targetHints":{"allow":["GET"]}}],"collection":[{"href":"https:\/\/www.vendee-camping-bellevue.com\/nl\/wp-json\/wp\/v2\/pages"}],"about":[{"href":"https:\/\/www.vendee-camping-bellevue.com\/nl\/wp-json\/wp\/v2\/types\/page"}],"author":[{"embeddable":true,"href":"https:\/\/www.vendee-camping-bellevue.com\/nl\/wp-json\/wp\/v2\/users\/3"}],"replies":[{"embeddable":true,"href":"https:\/\/www.vendee-camping-bellevue.com\/nl\/wp-json\/wp\/v2\/comments?post=35583"}],"version-history":[{"count":5,"href":"https:\/\/www.vendee-camping-bellevue.com\/nl\/wp-json\/wp\/v2\/pages\/35583\/revisions"}],"predecessor-version":[{"id":35590,"href":"https:\/\/www.vendee-camping-bellevue.com\/nl\/wp-json\/wp\/v2\/pages\/35583\/revisions\/35590"}],"wp:attachment":[{"href":"https:\/\/www.vendee-camping-bellevue.com\/nl\/wp-json\/wp\/v2\/media?parent=35583"}],"curies":[{"name":"wp","href":"https:\/\/api.w.org\/{rel}","templated":true}]}}