{"id":36111,"date":"2026-01-31T10:18:32","date_gmt":"2026-01-31T09:18:32","guid":{"rendered":"https:\/\/www.vendee-camping-bellevue.com\/?page_id=36111"},"modified":"2026-01-31T10:30:05","modified_gmt":"2026-01-31T09:30:05","slug":"aquarium-van-vendee-2","status":"publish","type":"page","link":"https:\/\/www.vendee-camping-bellevue.com\/nl\/aquarium-de-vendee-2\/","title":{"rendered":"Aquarium de Vend\u00e9e"},"content":{"rendered":"<div class=\"wp-block-stackable-columns alignfull stk-block-columns stk-block stk-33537f1\" data-block-id=\"33537f1\"><div class=\"stk-row stk-inner-blocks stk-block-content stk-content-align stk-33537f1-column alignfull\">\n<div class=\"wp-block-stackable-column stk-block-column stk-column stk-block stk-58a1a91\" data-v=\"4\" data-block-id=\"58a1a91\"><div class=\"stk-column-wrapper stk-block-column__content stk-container stk-58a1a91-container stk--no-background stk--no-padding\"><div class=\"stk-block-content stk-inner-blocks stk-58a1a91-inner-blocks\">\n<style>\n*{margin:0;padding:0;box-sizing:border-box;font-family:'Segoe UI',Tahoma,Geneva,Verdana,sans-serif;}\n\n\/* HERO *\/\n.hero-block{\nposition:relative;width:100vw;margin-left:calc(50% - 50vw);margin-right:calc(50% - 50vw);\nmin-height:60vh;display:flex;align-items:center;justify-content:center;overflow:hidden;\nbackground:linear-gradient(135deg,rgba(52,189,239,.85),rgba(243,146,0,.85)),\nurl('https:\/\/www.vendee-camping-bellevue.com\/wp-content\/uploads\/2026\/01\/aquarium-de-vendee-25-09.png');\nbackground-size:cover;background-position:center;\n}\n\n.hero-content{position:relative;z-index:2;max-width:1000px;padding:0 20px;text-align:center;color:#fff;}\n.hero-content h1{font-size:2.8rem;margin-bottom:15px;line-height:1.2;}\n.hero-description{font-size:1.15rem;line-height:1.6;margin-bottom:25px;}\n.hero-cta a{padding:12px 28px;border-radius:50px;color:#fff;text-decoration:none;font-weight:600;background:#34BDEF;}\n.hero-cta a:hover{background:#1f83bd;}\n\n\/* INTRO *\/\n.intro-block{\nmax-width:950px;margin:50px auto;padding:40px 25px;background:#fff;border-radius:25px;\ntext-align:center;box-shadow:0 15px 50px rgba(0,0,0,.15);\n}\n.intro-block h2{font-size:1.9rem;margin-bottom:15px;color:#34BDEF;}\n.intro-block p{font-size:1.1rem;line-height:1.75;color:#444;margin-bottom:12px;}\n.intro-block strong{color:#F39200;}\n\n\/* GRID *\/\n.destinations-block{padding:60px 20px;}\n.destinations-block h2{text-align:center;font-size:2rem;margin-bottom:10px;color:#34BDEF;}\n.destinations-block p{text-align:center;color:#666;margin-bottom:35px;}\n\n.destination-grid{display:grid;grid-template-columns:repeat(2,1fr);gap:28px;}\n\n.destination-card{\nbackground:#fff;border-radius:25px;overflow:hidden;\nbox-shadow:0 10px 30px rgba(0,0,0,.1);\ntransition:.3s;\n}\n.destination-card:hover{transform:translateY(-8px);box-shadow:0 15px 45px rgba(52,189,239,.25);}\n\n.card-image{width:100%;height:240px;object-fit:cover;}\n.card-content{padding:18px 20px;}\n.card-title{font-size:1.4rem;color:#34BDEF;margin-bottom:10px;font-weight:700;}\n.card-description{font-size:1rem;color:#555;line-height:1.75;margin-bottom:18px;}\n.card-description strong{color:#F39200;}\n\n.card-btn{\ndisplay:inline-block;\npadding:10px 22px;border-radius:50px;\nbackground:linear-gradient(135deg,#F39200,#d67d00);\ncolor:#fff;font-weight:600;text-decoration:none;\n}\n.card-btn:hover{background:linear-gradient(135deg,#d67d00,#c56b00);}\n\n\/* CTA *\/\n.cta-block{\nmargin:60px auto;padding:70px 20px;\nbackground:linear-gradient(135deg,#34BDEF,#F39200);\ncolor:#fff;text-align:center;border-radius:30px;\n}\n.cta-block h2{font-size:2.1rem;margin-bottom:15px;}\n.cta-block p{font-size:1.15rem;margin-bottom:25px;}\n.cta-block a{\npadding:14px 34px;border-radius:50px;background:#fff;color:#34BDEF;\ntext-decoration:none;font-weight:600;\n}\n\n\/* RESPONSIVE *\/\n@media(max-width:768px){.destination-grid{grid-template-columns:1fr;}}\n<\/style>\n\n<!-- HERO -->\n<section class=\"hero-block\">\n<div class=\"hero-content\">\n<h1>Aquarium de Vend\u00e9e - Reis naar het hart van de oceanen<\/h1>\n<p class=\"hero-description\">\nOntdek de\u2019<strong>Aquarium de Vend\u00e9e<\/strong> \u00e0 <strong>Talmont Saint Hilaire<\/strong> en duik in een fascinerende wereld van tropische vissen, haaien, roggen en schildpadden. Een ideaal uitje voor het hele gezin, met een combinatie van <strong>ontdekking, educatie en plezier<\/strong>.\n<\/p>\n<div class=\"hero-cta\">\n<a href=\"#incontournables\">Ontdek het Aquarium<\/a>\n<\/div>\n<\/div>\n<\/section>\n\n<!-- INTRO SEO LONG -->\n<section class=\"intro-block\">\n<h2>Ontdek het onderwaterleven in het Aquarium de Vend\u00e9e<\/h2>\n\n<p>\nGevestigd in <strong>Talmont Saint Hilaire<\/strong>, l\u2019<strong>Aquarium de Vend\u00e9e<\/strong> is een must-see attractie voor zeeliefhebbers en gezinnen. Met meer dan <strong>5.000 vissen en zeedieren<\/strong>, Het biedt een meeslepende reis door verschillende ecosystemen, van de Franse kust tot exotische zee\u00ebn.\n<\/p>\n\n<p>\nBezoekers kunnen verschillende soorten observeren, zoals de <strong>haaien, roggen, kwallen, schildpadden en tropische vissen<\/strong>, evenals lokale dieren zoals krabben, zeesterren en anemonen. Het aquarium combineert <strong>entertainment en leren<\/strong>, met interactieve activiteiten en educatieve workshops voor alle leeftijden.\n<\/p>\n\n<p>\nDankzij de themagebieden is elk bezoek een complete onderdompeling in de onderwaterwereld. Gezinnen zullen dol zijn op de <strong>interactieve zwembaden<\/strong> en <strong>onderwijsgebieden<\/strong>, Natuurliefhebbers kunnen de biodiversiteit ontdekken en de uitdagingen van het milieu begrijpen. <strong>oceaanbescherming<\/strong>.\n<\/p>\n\n<p>\nHet Aquarium de Vend\u00e9e is ook gemakkelijk bereikbaar vanaf de <strong>Camping Paradis Domaine de Bellevue<\/strong>, Het ligt op slechts 50 minuten rijden, waardoor het een perfect dagje uit is tijdens je verblijf in de Vend\u00e9e.\n<\/p>\n<\/section>\n\n<!-- BLOCS -->\n<section class=\"destinations-block\" id=\"incontournables\">\n<h2>De must-sees in het Aquarium de Vend\u00e9e<\/h2>\n<p>Ontdek de gebieden en activiteiten die je niet mag missen tijdens je bezoek.<\/p>\n\n<div class=\"destination-grid\">\n\n<!-- BASSIN OC\u00c9ANIQUE -->\n<div class=\"destination-card\">\n<img decoding=\"async\" class=\"card-image\" src=\"https:\/\/www.vendee-camping-bellevue.com\/wp-content\/uploads\/2026\/01\/aquarium-de-vendee-.jpg\">\n<div class=\"card-content\">\n<h3 class=\"card-title\">Het oceaanbekken<\/h3>\n<p class=\"card-description\">\nDompel jezelf onder in de <strong>oceaanbekken<\/strong> met haaien, roggen en scholen exotische vissen. Een meeslepende ruimte waar je het onderwaterleven in zijn natuurlijke habitat kunt ontdekken, terwijl je geniet van een spectaculaire en leerzame ervaring.\n<\/p>\n<a href=\"https:\/\/www.aquarium-vendee.com\/\" class=\"card-btn\">Ontdek het zwembad \u2192<\/a>\n<\/div>\n<\/div>\n\n<!-- BASSINS M\u00c9DITERRAN\u00c9ENS -->\n<div class=\"destination-card\">\n<img decoding=\"async\" class=\"card-image\" src=\"https:\/\/www.vendee-camping-bellevue.com\/wp-content\/uploads\/2026\/01\/aquarium-de-vendee-25-02.png\">\n<div class=\"card-content\">\n<h3 class=\"card-title\">De Middellandse Zee en de Europese Zee<\/h3>\n<p class=\"card-description\">\nOntdek de <strong>lokale soorten<\/strong> van onze kusten en leer meer over de zeefauna van Europa. Een educatieve reis om de rijkdom van de oceanen en de uitdagingen van het behoud ervan te begrijpen.\n<\/p>\n<a href=\"https:\/\/www.aquarium-vendee.com\/\" class=\"card-btn\">Zie soorten \u2192<\/a>\n<\/div>\n<\/div>\n\n<!-- BASSIN TROPICAL -->\n<div class=\"destination-card\">\n<img decoding=\"async\" class=\"card-image\" src=\"https:\/\/www.vendee-camping-bellevue.com\/wp-content\/uploads\/2026\/01\/interieur_aquarium-vendee.jpg\">\n<div class=\"card-content\">\n<h3 class=\"card-title\">Het tropische bekken<\/h3>\n<p class=\"card-description\">\nBewonder een <strong>kleurenfestival<\/strong> met tropische vissen en koraal. Een levendige en fascinerende ruimte voor jong en oud, die bezoekers meeneemt naar verre zee\u00ebn.\n<\/p>\n<a href=\"https:\/\/www.aquarium-vendee.com\/\" class=\"card-btn\">Ontdek de tropische \u2192<\/a>\n<\/div>\n<\/div>\n<\/div>\n<\/section>\n\n<!-- CTA -->\n<section class=\"cta-block\">\n<h2>Plan uw bezoek aan het Aquarium de Vend\u00e9e<\/h2>\n<p>\nProfiteer van je verblijf in de Vend\u00e9e om het Aquarium de Vend\u00e9e en zijn fascinerende wereld te ontdekken. Het is een unieke educatieve ervaring voor het hele gezin die jong en oud versteld zal doen staan en tegelijkertijd mensen bewust maakt van de noodzaak om de oceanen te beschermen.\n<\/p>\n<a href=\"https:\/\/www.aquarium-vendee.fr\/\">Boek uw tickets<\/a>\n<\/section>\n\n<\/div><\/div><\/div>\n<\/div><\/div>\n\n\n\n<p data-block-type=\"core\"><\/p>","protected":false},"excerpt":{"rendered":"<p>\ud83d\udc20 Aquarium de Vend\u00e9e \u2014 Voyage au c\u0153ur des oc\u00e9ans D\u00e9couvrez l&rsquo;Aquarium de Vend\u00e9e \u00e0 Talmont Saint Hilaire et plongez dans un univers fascinant peupl\u00e9 de poissons tropicaux, requins, raies et tortues. Une sortie id\u00e9ale pour toute la famille, m\u00ealant d\u00e9couverte, p\u00e9dagogie et amusement. D\u00e9couvrir l&rsquo;Aquarium Explorez la vie marine \u00e0 l\u2019Aquarium de Vend\u00e9e Situ\u00e9 [&hellip;]<\/p>\n","protected":false},"author":3,"featured_media":0,"parent":0,"menu_order":0,"comment_status":"closed","ping_status":"closed","template":"","meta":{"_acf_changed":false,"_seopress_robots_primary_cat":"","_seopress_titles_title":"","_seopress_titles_desc":"","_seopress_robots_index":"","_vp_format_video_url":"","_vp_image_focal_point":[],"footnotes":""},"class_list":["post-36111","page","type-page","status-publish","hentry"],"acf":[],"_links":{"self":[{"href":"https:\/\/www.vendee-camping-bellevue.com\/nl\/wp-json\/wp\/v2\/pages\/36111","targetHints":{"allow":["GET"]}}],"collection":[{"href":"https:\/\/www.vendee-camping-bellevue.com\/nl\/wp-json\/wp\/v2\/pages"}],"about":[{"href":"https:\/\/www.vendee-camping-bellevue.com\/nl\/wp-json\/wp\/v2\/types\/page"}],"author":[{"embeddable":true,"href":"https:\/\/www.vendee-camping-bellevue.com\/nl\/wp-json\/wp\/v2\/users\/3"}],"replies":[{"embeddable":true,"href":"https:\/\/www.vendee-camping-bellevue.com\/nl\/wp-json\/wp\/v2\/comments?post=36111"}],"version-history":[{"count":4,"href":"https:\/\/www.vendee-camping-bellevue.com\/nl\/wp-json\/wp\/v2\/pages\/36111\/revisions"}],"predecessor-version":[{"id":36119,"href":"https:\/\/www.vendee-camping-bellevue.com\/nl\/wp-json\/wp\/v2\/pages\/36111\/revisions\/36119"}],"wp:attachment":[{"href":"https:\/\/www.vendee-camping-bellevue.com\/nl\/wp-json\/wp\/v2\/media?parent=36111"}],"curies":[{"name":"wp","href":"https:\/\/api.w.org\/{rel}","templated":true}]}}