{"id":36131,"date":"2026-01-31T11:11:26","date_gmt":"2026-01-31T10:11:26","guid":{"rendered":"https:\/\/www.vendee-camping-bellevue.com\/?page_id=36131"},"modified":"2026-01-31T11:14:32","modified_gmt":"2026-01-31T10:14:32","slug":"kasteel-van-avonturiers-2","status":"publish","type":"page","link":"https:\/\/www.vendee-camping-bellevue.com\/nl\/chateau-des-aventuriers-2\/","title":{"rendered":"Kasteel van de avonturiers"},"content":{"rendered":"<div class=\"wp-block-stackable-columns alignfull stk-block-columns stk-block stk-a7195ae\" data-block-id=\"a7195ae\"><div class=\"stk-row stk-inner-blocks stk-block-content stk-content-align stk-a7195ae-column alignfull\">\n<div class=\"wp-block-stackable-column stk-block-column stk-column stk-block stk-10413ad\" data-v=\"4\" data-block-id=\"10413ad\"><div class=\"stk-column-wrapper stk-block-column__content stk-container stk-10413ad-container stk--no-background stk--no-padding\"><div class=\"stk-block-content stk-inner-blocks stk-10413ad-inner-blocks\">\n<style>\n*{margin:0;padding:0;box-sizing:border-box;font-family:'Segoe UI',Tahoma,Geneva,Verdana,sans-serif;}\n\n\/* HERO *\/\n.hero-block{\nposition:relative;width:100vw;margin-left:calc(50% - 50vw);margin-right:calc(50% - 50vw);\nmin-height:60vh;display:flex;align-items:center;justify-content:center;overflow:hidden;\nbackground:linear-gradient(135deg,rgba(52,189,239,.85),rgba(243,146,0,.85)),\nurl('https:\/\/www.vendee-camping-bellevue.com\/wp-content\/uploads\/2026\/01\/chateau-des-aventuriers.jpg');\nbackground-size:cover;background-position:center;\n}\n\n.hero-content{position:relative;z-index:2;max-width:1000px;padding:0 20px;text-align:center;color:#fff;}\n.hero-content h1{font-size:2.8rem;margin-bottom:15px;line-height:1.2;}\n.hero-description{font-size:1.15rem;line-height:1.6;margin-bottom:25px;}\n.hero-cta a{padding:12px 28px;border-radius:50px;color:#fff;text-decoration:none;font-weight:600;background:#34BDEF;}\n.hero-cta a:hover{background:#1f83bd;}\n\n\/* INTRO *\/\n.intro-block{\nmax-width:950px;margin:50px auto;padding:40px 25px;background:#fff;border-radius:25px;\ntext-align:center;box-shadow:0 15px 50px rgba(0,0,0,.15);\n}\n.intro-block h2{font-size:1.9rem;margin-bottom:15px;color:#34BDEF;}\n.intro-block p{font-size:1.1rem;line-height:1.75;color:#444;margin-bottom:12px;}\n.intro-block strong{color:#F39200;}\n\n\/* GRID *\/\n.destinations-block{padding:60px 20px;}\n.destinations-block h2{text-align:center;font-size:2rem;margin-bottom:10px;color:#34BDEF;}\n.destinations-block p{text-align:center;color:#666;margin-bottom:35px;}\n\n.destination-grid{display:grid;grid-template-columns:repeat(2,1fr);gap:28px;}\n\n.destination-card{\nbackground:#fff;border-radius:25px;overflow:hidden;\nbox-shadow:0 10px 30px rgba(0,0,0,.1);\ntransition:.3s;\n}\n.destination-card:hover{transform:translateY(-8px);box-shadow:0 15px 45px rgba(52,189,239,.25);}\n\n.card-image{width:100%;height:240px;object-fit:cover;}\n.card-content{padding:18px 20px;}\n.card-title{font-size:1.4rem;color:#34BDEF;margin-bottom:10px;font-weight:700;}\n.card-description{font-size:1rem;color:#555;line-height:1.75;margin-bottom:18px;}\n.card-description strong{color:#F39200;}\n\n.card-btn{\ndisplay:inline-block;\npadding:10px 22px;border-radius:50px;\nbackground:linear-gradient(135deg,#F39200,#d67d00);\ncolor:#fff;font-weight:600;text-decoration:none;\n}\n.card-btn:hover{background:linear-gradient(135deg,#d67d00,#c56b00);}\n\n\/* CTA *\/\n.cta-block{\nmargin:60px auto;padding:70px 20px;\nbackground:linear-gradient(135deg,#34BDEF,#F39200);\ncolor:#fff;text-align:center;border-radius:30px;\n}\n.cta-block h2{font-size:2.1rem;margin-bottom:15px;}\n.cta-block p{font-size:1.15rem;margin-bottom:25px;}\n.cta-block a{\npadding:14px 34px;border-radius:50px;background:#fff;color:#34BDEF;\ntext-decoration:none;font-weight:600;\n}\n\n\/* RESPONSIVE *\/\n@media(max-width:768px){.destination-grid{grid-template-columns:1fr;}}\n<\/style>\n\n<!-- HERO -->\n<section class=\"hero-block\">\n<div class=\"hero-content\">\n<h1>Ch\u00e2teau des Aventuriers - Familiepark in de Vend\u00e9e<\/h1>\n<p class=\"hero-description\">\nOntdek de <strong>Ch\u00e2teau des Aventuriers<\/strong>, een interactief, leuk avonturenpark voor het hele gezin, op slechts een paar kilometer van het centrum van de stad. <strong>45 minuten van Camping Paradis Domaine de Bellevue<\/strong>. Een ideaal uitje voor jong en oud om raadsels, ontsnappingsspelletjes en themaroutes te ontdekken.\n<\/p>\n<div class=\"hero-cta\">\n<a href=\"https:\/\/www.chateau-aventuriers.com\/billetterie\/\">Boek uw tickets<\/a>\n<\/div>\n<\/div>\n<\/section>\n\n<!-- INTRO SEO LONG -->\n<section class=\"intro-block\">\n<h2>Een unieke ervaring in het hart van het Ch\u00e2teau des Aventuriers<\/h2>\n\n<p>\nDe <strong>Ch\u00e2teau des Aventuriers<\/strong> is een familiepark dat <strong>avontuur, puzzels en plezier<\/strong>. Gelegen in Avrill\u00e9 in de Vend\u00e9e, biedt het een scala aan leuke en leerzame activiteiten voor kinderen en volwassenen, in een ongerepte natuurlijke en historische omgeving.\n<\/p>\n\n<p>\nDoor te verblijven bij <strong>Camping Paradis Domaine de Bellevue<\/strong>, Je kunt genieten van een excursie op slechts <strong>45 minuten met de auto<\/strong>. Het park biedt interactieve routes, ontsnappingsspelletjes en thema-avonturen die nieuwsgierigheid, reflectie en teamgeest stimuleren.\n<\/p>\n\n<p>\nElke activiteit is ontworpen om een meeslepende en gedenkwaardige ervaring te bieden. Of je nu kiest voor de <strong>Piratenschat<\/strong>de <strong>Dino-pad<\/strong> of de <strong>Spookhuis<\/strong>, Elk bezoek is een kans om onvergetelijke herinneringen te cre\u00ebren met het hele gezin.\n<\/p>\n\n<p>\nHet park heeft ook educatieve gebieden en ontspanningszones waar je kunt genieten van een hele dag in de buitenlucht. Het is de perfecte plek om <strong>spelen, leren en de natuur ontdekken in de Vend\u00e9e<\/strong>.\n<\/p>\n<\/section>\n\n<!-- BLOCS -->\n<section class=\"destinations-block\" id=\"incontournables\">\n<h2>Must-see avonturen in het Ch\u00e2teau des Aventuriers<\/h2>\n<p>Verken de paradepaardjes van het park voor een dag vol spanning en ontdekkingen.<\/p>\n\n<div class=\"destination-grid\">\n\n<!-- TRESOR DU PIRATE -->\n<div class=\"destination-card\">\n<img decoding=\"async\" class=\"card-image\" src=\"https:\/\/chateau-aventuriers.com\/wp-content\/uploads\/2024\/01\/Tresor-pirate.jpg\">\n<div class=\"card-content\">\n<h3 class=\"card-title\">De schat van de piraat<\/h3>\n<p class=\"card-description\">\nDompel jezelf onder in een echte <strong>interactieve schattenjacht<\/strong> ge\u00efnspireerd door de verhalen van de grote boekaniers. Dankzij een <strong>schatkaart<\/strong> en een cryptogram om te ontcijferen, moet je 20 raadsels oplossen die over het park verspreid liggen om de schat van La Buse te ontdekken.  \nDe meeslepende decors - piratenschip, vlaggen, kisten en gevangenen - nemen je mee in de wereld van de piraten, voor een ervaring die ongeveer twee uur duurt. <strong>1h30<\/strong> toegankelijk vanaf 5 jaar.  \nDe puzzels zijn beschikbaar in het Frans, Engels, Nederlands en Duits.\n<\/p>\n<a href=\"https:\/\/chateau-aventuriers.com\/les-aventures\/le-tresor-du-pirate\/\" class=\"card-btn\">Ontdek \u2192<\/a>\n<\/div>\n<\/div>\n\n<!-- PISTE DES DINOS -->\n<div class=\"destination-card\">\n<img decoding=\"async\" class=\"card-image\" src=\"https:\/\/chateau-aventuriers.com\/wp-content\/uploads\/2024\/01\/Piste-dinos.jpg\">\n<div class=\"card-content\">\n<h3 class=\"card-title\">Op het dino-spoor<\/h3>\n<p class=\"card-description\">\nGa op een prehistorische reis met je jonge heldin Collerette op zoek naar haar familie. Ontmoet dinosaurusreconstructies, los raadsels op en verken een oeroude wereld. <strong>Prehistorische zone<\/strong> met menhirs en educatieve workshops.  \nDuur ~1u30, toegankelijk vanaf 3 jaar onder begeleiding van een volwassene. Een avontuur dat een wandeling, raadsels en wetenschappelijke ontdekkingen combineert.\n<\/p>\n<a href=\"https:\/\/chateau-aventuriers.com\/les-aventures\/sur-la-piste-des-dinos\/\" class=\"card-btn\">Ontdek \u2192<\/a>\n<\/div>\n<\/div>\n\n<!-- ESCAPE GAME MAISON HANTEE -->\n<div class=\"destination-card\">\n<img decoding=\"async\" class=\"card-image\" src=\"https:\/\/chateau-aventuriers.com\/wp-content\/uploads\/2026\/01\/Fond-vert-Maison-Hantee-2026-avec-logo-nouveaute-2026_upscayl_2x_upscayl-standard-4x-scaled.png\">\n<div class=\"card-content\">\n<h3 class=\"card-title\">Ontsnappingsspel: Het spookhuis<\/h3>\n<p class=\"card-description\">\nOverschrijd de drempel van <strong>Spookhuis<\/strong> voor een meeslepend en mysterieus ontsnappingsspel. Los raadsels en vallen op in een omgeving vol geesten en heksen om de vloek op het huis op te heffen.  \nDuur ~1u, voor kinderen vanaf 10 jaar. Ontwikkelt de teamgeest en staat garant voor spanning en plezier.\n<\/p>\n<a href=\"https:\/\/chateau-aventuriers.com\/les-aventures\/escape-game-la-maison-hantee\/\" class=\"card-btn\">Ontdek \u2192<\/a>\n<\/div>\n<\/div>\n\n<!-- ENQUETE AU CHATEAU -->\n<div class=\"destination-card\">\n<img decoding=\"async\" class=\"card-image\" src=\"https:\/\/chateau-aventuriers.com\/wp-content\/uploads\/2024\/01\/enquete-chateau-aventuriers.jpg\">\n<div class=\"card-content\">\n<h3 class=\"card-title\">Onderzoek in het kasteel<\/h3>\n<p class=\"card-description\">\nErvaar de intrige van <strong>Ch\u00e2teau de la Guignardi\u00e8re<\/strong> door het mysterie van Le Ma\u00eetre Fichu (1907) op te lossen. Verken de kamers van het kasteel met behulp van een interactieve tablet, verzamel aanwijzingen, schakel verdachten uit en ontcijfer de raadsels om de misdaad op te lossen.  \nDuur ~1u, toegankelijk zonder reservering. Een levensgrote Cluedo die geschiedenis en immersief onderzoek combineert.\n<\/p>\n<a href=\"https:\/\/chateau-aventuriers.com\/les-aventures\/enquete-au-chateau\/\" class=\"card-btn\">Ontdek \u2192<\/a>\n<\/div>\n<\/div>\n\n<\/div>\n<\/section>\n\n<!-- CTA -->\n<section class=\"cta-block\">\n<h2>Boek uw dag op het Ch\u00e2teau des Aventuriers<\/h2>\n<p>\nHaal het meeste uit je verblijf en geniet van een unieke gezinservaring, voor slechts <strong>45 minuten van Camping Paradis Domaine de Bellevue<\/strong>. Avonturen, puzzels en ontdekkingen wachten op je voor een onvergetelijke tijd in de Vend\u00e9e.\n<\/p>\n<a href=\"https:\/\/www.chateau-aventuriers.com\/billetterie\/\">Boek uw tickets<\/a>\n<\/section>\n\n<\/div><\/div><\/div>\n<\/div><\/div>","protected":false},"excerpt":{"rendered":"<p>\ud83c\udf3f Ch\u00e2teau des Aventuriers \u2014 Parc familial en Vend\u00e9e D\u00e9couvrez le Ch\u00e2teau des Aventuriers, un parc d\u2019aventure interactif et ludique pour toute la famille, situ\u00e9 \u00e0 seulement 45 minutes du Camping Paradis Domaine de Bellevue. Une sortie id\u00e9ale pour petits et grands \u00e0 la d\u00e9couverte d\u2019\u00e9nigmes, d\u2019escape games et de parcours th\u00e9matiques. R\u00e9servez vos billets [&hellip;]<\/p>\n","protected":false},"author":3,"featured_media":35904,"parent":0,"menu_order":0,"comment_status":"closed","ping_status":"closed","template":"","meta":{"_acf_changed":false,"_seopress_robots_primary_cat":"","_seopress_titles_title":"","_seopress_titles_desc":"","_seopress_robots_index":"","_vp_format_video_url":"","_vp_image_focal_point":[],"footnotes":""},"class_list":["post-36131","page","type-page","status-publish","has-post-thumbnail","hentry"],"acf":[],"_links":{"self":[{"href":"https:\/\/www.vendee-camping-bellevue.com\/nl\/wp-json\/wp\/v2\/pages\/36131","targetHints":{"allow":["GET"]}}],"collection":[{"href":"https:\/\/www.vendee-camping-bellevue.com\/nl\/wp-json\/wp\/v2\/pages"}],"about":[{"href":"https:\/\/www.vendee-camping-bellevue.com\/nl\/wp-json\/wp\/v2\/types\/page"}],"author":[{"embeddable":true,"href":"https:\/\/www.vendee-camping-bellevue.com\/nl\/wp-json\/wp\/v2\/users\/3"}],"replies":[{"embeddable":true,"href":"https:\/\/www.vendee-camping-bellevue.com\/nl\/wp-json\/wp\/v2\/comments?post=36131"}],"version-history":[{"count":2,"href":"https:\/\/www.vendee-camping-bellevue.com\/nl\/wp-json\/wp\/v2\/pages\/36131\/revisions"}],"predecessor-version":[{"id":36136,"href":"https:\/\/www.vendee-camping-bellevue.com\/nl\/wp-json\/wp\/v2\/pages\/36131\/revisions\/36136"}],"wp:featuredmedia":[{"embeddable":true,"href":"https:\/\/www.vendee-camping-bellevue.com\/nl\/wp-json\/wp\/v2\/media\/35904"}],"wp:attachment":[{"href":"https:\/\/www.vendee-camping-bellevue.com\/nl\/wp-json\/wp\/v2\/media?parent=36131"}],"curies":[{"name":"wp","href":"https:\/\/api.w.org\/{rel}","templated":true}]}}