{"id":36149,"date":"2026-01-31T11:55:54","date_gmt":"2026-01-31T10:55:54","guid":{"rendered":"https:\/\/www.vendee-camping-bellevue.com\/?page_id=36149"},"modified":"2026-01-31T11:55:55","modified_gmt":"2026-01-31T10:55:55","slug":"dinosauruspark-dinosauruspark-in-vendee","status":"publish","type":"page","link":"https:\/\/www.vendee-camping-bellevue.com\/nl\/dinos-park-parc-de-dinosaures-en-vendee\/","title":{"rendered":"Dino's park, dinosauruspark in de Vend\u00e9e"},"content":{"rendered":"<div class=\"wp-block-stackable-columns alignfull stk-block-columns stk-block stk-39f4613\" data-block-id=\"39f4613\"><div class=\"stk-row stk-inner-blocks stk-block-content stk-content-align stk-39f4613-column alignfull\">\n<div class=\"wp-block-stackable-column stk-block-column stk-column stk-block stk-4c1af35\" data-v=\"4\" data-block-id=\"4c1af35\"><div class=\"stk-column-wrapper stk-block-column__content stk-container stk-4c1af35-container stk--no-background stk--no-padding\"><div class=\"stk-block-content stk-inner-blocks stk-4c1af35-inner-blocks\">\n<style>\n*{margin:0;padding:0;box-sizing:border-box;font-family:'Segoe UI',Tahoma,Geneva,Verdana,sans-serif;}\n\n\/* HERO *\/\n.hero-block{\n  position:relative;\n  width:100vw;\n  margin-left:calc(50% - 50vw);\n  margin-right:calc(50% - 50vw);\n  min-height:60vh;\n  display:flex;\n  align-items:center;\n  justify-content:center;\n  overflow:hidden;\n  background:linear-gradient(135deg,rgba(52,189,239,.85),rgba(243,146,0,.85)),\n             url('https:\/\/www.vendee-camping-bellevue.com\/wp-content\/uploads\/2026\/01\/DINOSPARK-STHILAIREDERIEZ-ENTREE-1200x900-1.jpg');\n  background-size:cover;\n  background-position:center;\n}\n\n.hero-content{\n  position:relative;\n  z-index:2;\n  max-width:1000px;\n  padding:0 20px;\n  text-align:center;\n  color:#fff;\n}\n.hero-content h1{\n  font-size:2.8rem;\n  margin-bottom:15px;\n  line-height:1.2;\n}\n.hero-description{\n  font-size:1.15rem;\n  line-height:1.6;\n  margin-bottom:25px;\n}\n.hero-cta a{\n  padding:12px 28px;\n  border-radius:50px;\n  color:#fff;\n  text-decoration:none;\n  font-weight:600;\n  background:#34BDEF;\n}\n.hero-cta a:hover{background:#1f83bd;}\n\n\/* INTRO *\/\n.intro-block{\n  max-width:950px;\n  margin:50px auto;\n  padding:40px 25px;\n  background:#fff;\n  border-radius:25px;\n  text-align:center;\n  box-shadow:0 15px 50px rgba(0,0,0,.15);\n}\n.intro-block h2{\n  font-size:1.9rem;\n  margin-bottom:15px;\n  color:#34BDEF;\n}\n.intro-block p{\n  font-size:1.1rem;\n  line-height:1.75;\n  color:#444;\n  margin-bottom:12px;\n}\n.intro-block strong{color:#F39200;}\n\n\/* GRID *\/\n.destinations-block{\n  padding:60px 20px;\n}\n.destinations-block h2{\n  text-align:center;\n  font-size:2rem;\n  margin-bottom:10px;\n  color:#34BDEF;\n}\n.destinations-block p{\n  text-align:center;\n  color:#666;\n  margin-bottom:35px;\n}\n\n.destination-grid{\n  display:grid;\n  grid-template-columns:repeat(2,1fr);\n  gap:28px;\n}\n\n.destination-card{\n  background:#fff;\n  border-radius:25px;\n  overflow:hidden;\n  box-shadow:0 10px 30px rgba(0,0,0,.1);\n  transition:.3s;\n}\n.destination-card:hover{\n  transform:translateY(-8px);\n  box-shadow:0 15px 45px rgba(52,189,239,.25);\n}\n\n.card-image{\n  width:100%;\n  height:240px;\n  object-fit:cover;\n}\n.card-content{\n  padding:18px 20px;\n}\n.card-title{\n  font-size:1.4rem;\n  color:#34BDEF;\n  margin-bottom:10px;\n  font-weight:700;\n}\n.card-description{\n  font-size:1rem;\n  color:#555;\n  line-height:1.75;\n  margin-bottom:18px;\n}\n.card-description strong{color:#F39200;}\n\n.card-btn{\n  display:inline-block;\n  padding:10px 22px;\n  border-radius:50px;\n  background:linear-gradient(135deg,#F39200,#d67d00);\n  color:#fff;\n  font-weight:600;\n  text-decoration:none;\n}\n.card-btn:hover{\n  background:linear-gradient(135deg,#d67d00,#c56b00);\n}\n\n\/* CTA *\/\n.cta-block{\n  margin:60px auto;\n  padding:70px 20px;\n  background:linear-gradient(135deg,#34BDEF,#F39200);\n  color:#fff;\n  text-align:center;\n  border-radius:30px;\n}\n.cta-block h2{\n  font-size:2.1rem;\n  margin-bottom:15px;\n}\n.cta-block p{\n  font-size:1.15rem;\n  margin-bottom:25px;\n}\n.cta-block a{\n  padding:14px 34px;\n  border-radius:50px;\n  background:#fff;\n  color:#34BDEF;\n  text-decoration:none;\n  font-weight:600;\n}\n\n\/* RESPONSIVE *\/\n@media(max-width:768px){\n  .destination-grid{grid-template-columns:1fr;}\n}\n<\/style>\n\n<!-- HERO -->\n<section class=\"hero-block\">\n  <div class=\"hero-content\">\n    <h1>Dino's Park - Dinopark in de Vend\u00e9e<\/h1>\n    <p class=\"hero-description\">\n      Geniet van een meeslepende ervaring in het hart van de prehistorie met <strong>levensgrote geanimeerde dinosaurussen<\/strong>, Een leuke ervaring, met leerzame workshops en activiteiten voor het hele gezin. Op slechts <strong>30 minuten van Camping Paradis Domaine de Bellevue<\/strong>, Het park is ideaal voor een dagje uit of een familiemiddag.\n    <\/p>\n    <div class=\"hero-cta\">\n      <a href=\"#activites\">Ontdek Dino's Park<\/a>\n    <\/div>\n  <\/div>\n<\/section>\n\n<!-- INTRO SEO LONG -->\n<section class=\"intro-block\">\n  <h2>Ontdek de fascinerende wereld van dinosaurussen in de Vend\u00e9e<\/h2>\n  <p>\n    De <strong>Dino's Park<\/strong> is een meeslepend prehistorisch park in <strong>Saint-Hilaire-de-Riez<\/strong>, in de Vend\u00e9e. Jong en oud kunnen het volgende ontdekken <strong>geanimeerde en robotachtige dinosaurussen<\/strong>, Het park biedt een breed scala aan activiteiten, waaronder educatieve routes en fascinerende shows, in een veilige, natuurlijke omgeving.\n  <\/p>\n  <p>\n    Het park is perfect voor een <strong>familie-uitje<\/strong> De kinderen nemen deel aan educatieve workshops, speurtochten en archeologische opgravingen, terwijl de ouders genieten van momenten van ontdekking en ontspanning. De ervaring combineert leren, plezier en een totale onderdompeling in de prehistorische wereld.\n  <\/p>\n  <p>\n    Dankzij de <strong>in de buurt van Camping Paradis Domaine de Bellevue<\/strong>, Je kunt dit bezoek gemakkelijk in je verblijf integreren. De toegang ter plaatse is gratis, zonder voorafgaande reservering.\n  <\/p>\n<\/section>\n\n<!-- BLOCS ACTIVIT\u00c9S -->\n<section class=\"destinations-block\" id=\"activites\">\n  <h2>Must-do activiteiten in Dino's Park<\/h2>\n  <p>Immersieve routes, workshops en evenementen: leuke en leerzame ervaringen voor het hele gezin.<\/p>\n\n  <div class=\"destination-grid\">\n\n    <!-- PARCOURS DINOSAURES -->\n    <div class=\"destination-card\">\n      <img decoding=\"async\" class=\"card-image\" src=\"https:\/\/dinos-park.com\/wp-content\/uploads\/2026\/01\/parcours-dinosaures-immersif-dinos-park-parc-a-theme-saint-hilaire-de-riez.jpg\" alt=\"Dinosauruspad\">\n      <div class=\"card-content\">\n        <h3 class=\"card-title\">Dinosauruspad<\/h3>\n        <p class=\"card-description\">\n          Ontdek de <strong>dinosauruspad<\/strong>, een meeslepend parcours met levensgrote geanimeerde dinosaurussen, geluidseffecten en realistische prehistorische sc\u00e8nes. Een boeiende ervaring voor jong en oud. \n        <\/p>\n        <a href=\"https:\/\/dinos-park.com\/activites\/#parcoursdinosaures\" class=\"card-btn\">Ontdek de route \u2192<\/a>\n      <\/div>\n    <\/div>\n\n    <!-- PARCOURS DE LA PR\u00c9HISTOIRE -->\n    <div class=\"destination-card\">\n      <img decoding=\"async\" class=\"card-image\" src=\"https:\/\/dinos-park.com\/wp-content\/uploads\/2026\/01\/tunnel-de-la-prehistoire-dinos-park-parc-a-theme-saint-hilaire-de-riez.jpg\" alt=\"Prehistorisch pad\">\n      <div class=\"card-content\">\n        <h3 class=\"card-title\">Prehistorisch pad<\/h3>\n        <p class=\"card-description\">\n          De <strong>prehistorische tunnel<\/strong> dompelt je terug in de prehistorie met meeslepende decors, geluiden en effecten voor een leerzame en vermakelijke ervaring.\n        <\/p>\n        <a href=\"https:\/\/dinos-park.com\/activites\/#tunnel-prehistoire\" class=\"card-btn\">Ontdek de route \u2192<\/a>\n      <\/div>\n    <\/div>\n\n    <!-- ATELIERS P\u00c9DAGOGIQUES -->\n    <div class=\"destination-card\">\n      <img decoding=\"async\" class=\"card-image\" src=\"https:\/\/dinos-park.com\/wp-content\/uploads\/2026\/01\/atelier-pedagogiques-dinos-park-parc-a-theme-saint-hilaire-de-riez.jpg\" alt=\"Educatieve workshops\">\n      <div class=\"card-content\">\n        <h3 class=\"card-title\">Educatieve workshops<\/h3>\n        <p class=\"card-description\">\n          Neem deel aan <strong>educatieve workshops<\/strong> voor kinderen en gezinnen: grotschilderingen, archeologische opgravingen, educatieve spellen over paleontologie en prehistorie.\n        <\/p>\n        <a href=\"https:\/\/dinos-park.com\/activites\/#ateliers-pedagogiques\" class=\"card-btn\">Ontdek de workshops \u2192<\/a>\n      <\/div>\n    <\/div>\n\n    <!-- PARC DE JEUX ET ANIMATIONS -->\n    <div class=\"destination-card\">\n      <img decoding=\"async\" class=\"card-image\" src=\"https:\/\/dinos-park.com\/wp-content\/uploads\/2026\/01\/parc-de-jeux-enfants-parc-de-loisirs-activite-en-famille-dinos-park-saint-hilaire-de-riez-vendee-2.jpg\" alt=\"Speeltuin en entertainment\">\n      <div class=\"card-content\">\n        <h3 class=\"card-title\">Speeltuin en entertainment<\/h3>\n        <p class=\"card-description\">\n          Profiteer van <strong>speelpark en entertainment<\/strong> minigolf, elektrische auto's, springkussens en interactieve spelletjes voor leuke gezinsmomenten.\n        <\/p>\n        <a href=\"https:\/\/dinos-park.com\/activites\/#parc-de-jeux-animations\" class=\"card-btn\">Ontdek het park \u2192<\/a>\n      <\/div>\n    <\/div>\n\n  <\/div>\n<\/section>\n\n<!-- CTA -->\n<section class=\"cta-block\">\n  <h2>Plan je bezoek aan Dino's Park<\/h2>\n  <p>\n    De toegang is gratis. Profiteer van je verblijf om dit unieke park te ontdekken, met zijn geanimeerde dinosaurussen en alle leuke en leerzame activiteiten. Een niet te missen uitje voor slechts <strong>30 minuten van Camping Paradis Domaine de Bellevue<\/strong>.\n  <\/p>\n  <a href=\"https:\/\/dinos-park.com\/infos-pratiques-parc-de-loisirs\/\">Plan je bezoek<\/a>\n<\/section>\n\n<\/div><\/div><\/div>\n<\/div><\/div>","protected":false},"excerpt":{"rendered":"<p>\ud83e\udd96 Dino\u2019s Park \u2013 Parc dinosaures en Vend\u00e9e Vivez une exp\u00e9rience immersive au c\u0153ur de la pr\u00e9histoire avec des dinosaures anim\u00e9s grandeur nature, des parcours ludiques, ateliers p\u00e9dagogiques et activit\u00e9s pour toute la famille. \u00c0 seulement 30 minutes du Camping Paradis Domaine de Bellevue, le parc est id\u00e9al pour une sortie journ\u00e9e ou un apr\u00e8s-midi [&hellip;]<\/p>\n","protected":false},"author":3,"featured_media":35905,"parent":0,"menu_order":0,"comment_status":"closed","ping_status":"closed","template":"","meta":{"_acf_changed":false,"_seopress_robots_primary_cat":"","_seopress_titles_title":"","_seopress_titles_desc":"","_seopress_robots_index":"","_vp_format_video_url":"","_vp_image_focal_point":[],"footnotes":""},"class_list":["post-36149","page","type-page","status-publish","has-post-thumbnail","hentry"],"acf":[],"_links":{"self":[{"href":"https:\/\/www.vendee-camping-bellevue.com\/nl\/wp-json\/wp\/v2\/pages\/36149","targetHints":{"allow":["GET"]}}],"collection":[{"href":"https:\/\/www.vendee-camping-bellevue.com\/nl\/wp-json\/wp\/v2\/pages"}],"about":[{"href":"https:\/\/www.vendee-camping-bellevue.com\/nl\/wp-json\/wp\/v2\/types\/page"}],"author":[{"embeddable":true,"href":"https:\/\/www.vendee-camping-bellevue.com\/nl\/wp-json\/wp\/v2\/users\/3"}],"replies":[{"embeddable":true,"href":"https:\/\/www.vendee-camping-bellevue.com\/nl\/wp-json\/wp\/v2\/comments?post=36149"}],"version-history":[{"count":1,"href":"https:\/\/www.vendee-camping-bellevue.com\/nl\/wp-json\/wp\/v2\/pages\/36149\/revisions"}],"predecessor-version":[{"id":36152,"href":"https:\/\/www.vendee-camping-bellevue.com\/nl\/wp-json\/wp\/v2\/pages\/36149\/revisions\/36152"}],"wp:featuredmedia":[{"embeddable":true,"href":"https:\/\/www.vendee-camping-bellevue.com\/nl\/wp-json\/wp\/v2\/media\/35905"}],"wp:attachment":[{"href":"https:\/\/www.vendee-camping-bellevue.com\/nl\/wp-json\/wp\/v2\/media?parent=36149"}],"curies":[{"name":"wp","href":"https:\/\/api.w.org\/{rel}","templated":true}]}}