{"id":36259,"date":"2026-02-03T10:04:51","date_gmt":"2026-02-03T09:04:51","guid":{"rendered":"https:\/\/www.vendee-camping-bellevue.com\/?page_id=36259"},"modified":"2026-02-03T10:04:51","modified_gmt":"2026-02-03T09:04:51","slug":"verkoper-miniatuur","status":"publish","type":"page","link":"https:\/\/www.vendee-camping-bellevue.com\/nl\/vendee-miniature\/","title":{"rendered":"Vend\u00e9e miniatuur"},"content":{"rendered":"<div class=\"wp-block-stackable-columns alignfull stk-block-columns stk-block stk-d12969e\" data-block-id=\"d12969e\"><div class=\"stk-row stk-inner-blocks stk-block-content stk-content-align stk-d12969e-column alignfull\">\n<div class=\"wp-block-stackable-column stk-block-column stk-column stk-block stk-5b082db\" data-v=\"4\" data-block-id=\"5b082db\"><div class=\"stk-column-wrapper stk-block-column__content stk-container stk-5b082db-container stk--no-background stk--no-padding\"><div class=\"stk-block-content stk-inner-blocks stk-5b082db-inner-blocks\">\n<style>\n*{margin:0;padding:0;box-sizing:border-box;font-family:'Segoe UI',Tahoma,Geneva,Verdana,sans-serif;}\n\n\/* HERO *\/\n.hero-block{\nposition:relative;width:100vw;margin-left:calc(50% - 50vw);margin-right:calc(50% - 50vw);\nmin-height:60vh;display:flex;align-items:center;justify-content:center;overflow:hidden;\nbackground:linear-gradient(135deg,rgba(52,189,239,.85),rgba(243,146,0,.85)),\nurl('https:\/\/www.vendee-camping-bellevue.com\/wp-content\/uploads\/2026\/02\/vendee_minature_historique.jpg');\nbackground-size:cover;background-position:center;\n}\n\n.hero-content{position:relative;z-index:2;max-width:1000px;padding:0 20px;text-align:center;color:#fff;}\n.hero-content h1{font-size:2.8rem;margin-bottom:15px;line-height:1.2;}\n.hero-description{font-size:1.15rem;line-height:1.6;margin-bottom:25px;}\n.hero-cta a{padding:12px 28px;border-radius:50px;color:#fff;text-decoration:none;font-weight:600;background:#34BDEF;}\n.hero-cta a:hover{background:#1f83bd;}\n\n\/* INTRO *\/\n.intro-block{\nmax-width:950px;margin:50px auto;padding:40px 25px;background:#fff;border-radius:25px;\ntext-align:center;box-shadow:0 15px 50px rgba(0,0,0,.15);\n}\n.intro-block h2{font-size:1.9rem;margin-bottom:15px;color:#34BDEF;}\n.intro-block p{font-size:1.1rem;line-height:1.75;color:#444;margin-bottom:12px;}\n.intro-block strong{color:#F39200;}\n\n\/* GRID *\/\n.destinations-block{padding:60px 20px;}\n.destinations-block h2{text-align:center;font-size:2rem;margin-bottom:10px;color:#34BDEF;}\n.destinations-block p{text-align:center;color:#666;margin-bottom:35px;}\n\n.destination-grid{display:grid;grid-template-columns:repeat(2,1fr);gap:28px;}\n\n.destination-card{\nbackground:#fff;border-radius:25px;overflow:hidden;\nbox-shadow:0 10px 30px rgba(0,0,0,.1);\ntransition:.3s;\n}\n.destination-card:hover{transform:translateY(-8px);box-shadow:0 15px 45px rgba(52,189,239,.25);}\n\n.card-image{width:100%;height:240px;object-fit:cover;}\n.card-content{padding:18px 20px;}\n.card-title{font-size:1.4rem;color:#34BDEF;margin-bottom:10px;font-weight:700;}\n.card-description{font-size:1rem;color:#555;line-height:1.75;margin-bottom:18px;}\n.card-description strong{color:#F39200;}\n\n.card-btn{\ndisplay:inline-block;\npadding:10px 22px;border-radius:50px;\nbackground:linear-gradient(135deg,#F39200,#d67d00);\ncolor:#fff;font-weight:600;text-decoration:none;\n}\n.card-btn:hover{background:linear-gradient(135deg,#d67d00,#c56b00);}\n\n\/* CTA *\/\n.cta-block{\nmargin:60px auto;padding:70px 20px;\nbackground:linear-gradient(135deg,#34BDEF,#F39200);\ncolor:#fff;text-align:center;border-radius:30px;\n}\n.cta-block h2{font-size:2.1rem;margin-bottom:15px;}\n.cta-block p{font-size:1.15rem;margin-bottom:25px;}\n.cta-block a{\npadding:14px 34px;border-radius:50px;background:#fff;color:#34BDEF;\ntext-decoration:none;font-weight:600;\n}\n\n\/* RESPONSIVE *\/\n@media(max-width:768px){.destination-grid{grid-template-columns:1fr;}}\n<\/style>\n\n<!-- HERO -->\n<section class=\"hero-block\">\n  <div class=\"hero-content\">\n    <h1>\ud83c\udfd8\ufe0f Vend\u00e9e Miniature - Reis naar het hart van de Vend\u00e9e van weleer<\/h1>\n    <p class=\"hero-description\">\n      Ontdek <strong>Vend\u00e9e Miniatuur<\/strong>, een uniek park in <strong>Br\u00e9tignolles-sur-Mer<\/strong> die je onderdompelt in een dorpje in de Vend\u00e9e aan het begin van de XX\u1d49 eeuw. A <strong>een niet te missen gezinsactiviteit in de Vend\u00e9e<\/strong>, Het is leuk, cultureel en toegankelijk voor iedereen.\n    <\/p>\n    <div class=\"hero-cta\">\n      <a href=\"#vendee-miniature\">Ontdek Vend\u00e9e Miniatuur<\/a>\n    <\/div>\n  <\/div>\n<\/section>\n\n<!-- INTRO SEO -->\n<section class=\"intro-block\" id=\"vendee-miniature\">\n  <h2>Bezoek Vend\u00e9e Miniature in Br\u00e9tignolles-sur-Mer<\/h2>\n\n  <p>\n    Gelegen aan de kust van de Vend\u00e9e, <strong>Vend\u00e9e Miniatuur<\/strong> is een uniek cultureel park dat een\n    <strong>getrouwe miniatuurreconstructie van de Vend\u00e9e aan het begin van de XX\u1d49 eeuw<\/strong>. Door middel van een geanimeerd dorp\n    kunnen bezoekers de ambachten van weleer, de plaatselijke tradities en het dagelijkse leven van de inwoners van de Vend\u00e9e in vroeger tijden ontdekken.\n  <\/p>\n\n  <p>\n    Elk huis, elke sc\u00e8ne en elk personage is ontworpen met opmerkelijke aandacht voor detail.\n    Het park heeft honderden geanimeerde figuren en mechanismen, die zorgen voor een boeiende, realistische ervaring.\n    Het is een ideaal bezoek voor <strong>Het erfgoed van de Vend\u00e9e begrijpen<\/strong> terwijl je plezier hebt.\n  <\/p>\n\n  <p>\n    Vend\u00e9e Miniature wordt vooral gewaardeerd als <strong>gezinsuitstapjes in de Vend\u00e9e<\/strong>.\n    Het parcours is toegankelijk, leerzaam en geschikt voor zowel kinderen als volwassenen.\n    Een perfecte activiteit ongeacht het weer, vooral op bewolkte dagen.\n  <\/p>\n<\/section>\n\n<!-- BLOCS -->\n<section class=\"destinations-block\">\n  <h2>Waarom Vend\u00e9e Miniature bezoeken?<\/h2>\n  <p>Een uniek cultureel en familiepark in de Vend\u00e9e.<\/p>\n\n  <div class=\"destination-grid\">\n\n    <!-- VILLAGE MINIATURE -->\n    <div class=\"destination-card\">\n      <img decoding=\"async\" class=\"card-image\" src=\"https:\/\/www.vendee-camping-bellevue.com\/wp-content\/uploads\/2026\/02\/VendeeMiniature7.jpg\" alt=\"Miniatuurdorp Vend\u00e9e\">\n      <div class=\"card-content\">\n        <h3 class=\"card-title\">Een gereconstrueerd dorp in de Vend\u00e9e<\/h3>\n        <p class=\"card-description\">\n          Verken een <strong>Miniatuurdorp Vend\u00e9e<\/strong> met zijn traditionele huizen,\n          kerk, school en winkels. Elke omgeving illustreert de <strong>dagelijks leven in de Vend\u00e9e<\/strong>\n          aan het begin van de XX\u1d49 eeuw.\n        <\/p>\n      <\/div>\n    <\/div>\n\n    <!-- SCENES ANIMEES -->\n    <div class=\"destination-card\">\n      <img decoding=\"async\" class=\"card-image\" src=\"https:\/\/www.vendee-camping-bellevue.com\/wp-content\/uploads\/2026\/02\/VendeeMiniature5.jpg\" alt=\"Levendige sc\u00e8nes uit Vend\u00e9e Miniatuur\">\n      <div class=\"card-content\">\n        <h3 class=\"card-title\">Levendige, geanimeerde sc\u00e8nes<\/h3>\n        <p class=\"card-description\">\n          Meer dan <strong>650 geanimeerde personages<\/strong> breng de beroepen van vroeger tot leven: smid, bakker, wasvrouw, boer:\n          Smid, bakker, wasvrouw, boer... Een leuke en leerzame onderdompeling voor jong en oud.\n        <\/p>\n      <\/div>\n    <\/div>\n\n    <!-- SORTIE FAMILLE -->\n    <div class=\"destination-card\">\n      <img decoding=\"async\" class=\"card-image\" src=\"https:\/\/www.vendee-camping-bellevue.com\/wp-content\/uploads\/2026\/02\/VendeeMiniature1.jpg\" alt=\"Vend\u00e9e Miniatuur gezinsuitstapje\">\n      <div class=\"card-content\">\n        <h3 class=\"card-title\">Een ideaal gezinsuitstapje<\/h3>\n        <p class=\"card-description\">\n          <strong>Vend\u00e9e Miniatuur<\/strong> is een <strong>familiebedrijf in de Vend\u00e9e<\/strong> perfect\n          met kinderen en grootouders. Het bezoek is rustig, toegankelijk en verrijkend voor alle leeftijden.\n        <\/p>\n      <\/div>\n    <\/div>\n\n    <!-- ACTIVITE COUVERTE -->\n    <div class=\"destination-card\">\n      <img decoding=\"async\" class=\"card-image\" src=\"https:\/\/www.vendee-camping-bellevue.com\/wp-content\/uploads\/2026\/02\/vendee_minature_historique.jpg\" alt=\"Bestreken activiteit Vend\u00e9e\">\n      <div class=\"card-content\">\n        <h3 class=\"card-title\">Een activiteit voor alle weersomstandigheden<\/h3>\n        <p class=\"card-description\">\n          Het grootste deel van het park is overdekt, <strong>Vend\u00e9e Miniatuur<\/strong> is een uitstekend alternatief\n          voor buitenactiviteiten. De perfecte manier om erachter te komen <strong>wat te doen in de Vend\u00e9e als het regent<\/strong>.\n        <\/p>\n      <\/div>\n    <\/div>\n\n  <\/div>\n<\/section>\n\n<!-- CTA -->\n<section class=\"cta-block\">\n  <h2>Ontdek de Miniatuur Vend\u00e9e tijdens uw vakantie<\/h2>\n  <p>\n    Haal het meeste uit je verblijf in <strong>Br\u00e9tignolles-sur-Mer<\/strong> om te bezoeken <strong>Vend\u00e9e Miniatuur<\/strong>,\n    een unieke culturele attractie die de <strong>Vend\u00e9e erfgoed<\/strong>.\n    Een niet te missen gezinservaring in de Vend\u00e9e.\n  <\/p>\n  <a href=\"https:\/\/www.vendee-miniature.fr\/\" target=\"_blank\" rel=\"noopener\">Bezoek de offici\u00eble website<\/a>\n<\/section>\n\n<\/div><\/div><\/div>\n<\/div><\/div>","protected":false},"excerpt":{"rendered":"<p>\ud83c\udfd8\ufe0f Vend\u00e9e Miniature \u2014 Voyage au c\u0153ur de la Vend\u00e9e d\u2019autrefois D\u00e9couvrez Vend\u00e9e Miniature, un parc unique \u00e0 Br\u00e9tignolles-sur-Mer qui vous plonge dans un village vend\u00e9en du d\u00e9but du XX\u1d49 si\u00e8cle. Une activit\u00e9 familiale incontournable en Vend\u00e9e, ludique, culturelle et accessible \u00e0 tous. D\u00e9couvrir Vend\u00e9e Miniature Visiter Vend\u00e9e Miniature \u00e0 Br\u00e9tignolles-sur-Mer Situ\u00e9 sur la c\u00f4te [&hellip;]<\/p>\n","protected":false},"author":3,"featured_media":0,"parent":0,"menu_order":0,"comment_status":"closed","ping_status":"closed","template":"","meta":{"_acf_changed":false,"_seopress_robots_primary_cat":"","_seopress_titles_title":"","_seopress_titles_desc":"","_seopress_robots_index":"","_vp_format_video_url":"","_vp_image_focal_point":[],"footnotes":""},"class_list":["post-36259","page","type-page","status-publish","hentry"],"acf":[],"_links":{"self":[{"href":"https:\/\/www.vendee-camping-bellevue.com\/nl\/wp-json\/wp\/v2\/pages\/36259","targetHints":{"allow":["GET"]}}],"collection":[{"href":"https:\/\/www.vendee-camping-bellevue.com\/nl\/wp-json\/wp\/v2\/pages"}],"about":[{"href":"https:\/\/www.vendee-camping-bellevue.com\/nl\/wp-json\/wp\/v2\/types\/page"}],"author":[{"embeddable":true,"href":"https:\/\/www.vendee-camping-bellevue.com\/nl\/wp-json\/wp\/v2\/users\/3"}],"replies":[{"embeddable":true,"href":"https:\/\/www.vendee-camping-bellevue.com\/nl\/wp-json\/wp\/v2\/comments?post=36259"}],"version-history":[{"count":1,"href":"https:\/\/www.vendee-camping-bellevue.com\/nl\/wp-json\/wp\/v2\/pages\/36259\/revisions"}],"predecessor-version":[{"id":36262,"href":"https:\/\/www.vendee-camping-bellevue.com\/nl\/wp-json\/wp\/v2\/pages\/36259\/revisions\/36262"}],"wp:attachment":[{"href":"https:\/\/www.vendee-camping-bellevue.com\/nl\/wp-json\/wp\/v2\/media?parent=36259"}],"curies":[{"name":"wp","href":"https:\/\/api.w.org\/{rel}","templated":true}]}}