{"id":40873,"date":"2026-03-30T16:51:27","date_gmt":"2026-03-30T14:51:27","guid":{"rendered":"https:\/\/www.vendee-camping-bellevue.com\/?page_id=40873"},"modified":"2026-04-21T16:33:08","modified_gmt":"2026-04-21T14:33:08","slug":"mini-gidsen-dexperiences","status":"publish","type":"page","link":"https:\/\/www.vendee-camping-bellevue.com\/nl\/mini-guides-dexperiences\/","title":{"rendered":"Mini-Gidsen voor Ervaringen"},"content":{"rendered":"<div class=\"wp-block-stackable-separator alignfull stk-block-separator stk--no-padding stk-block stk-2b421f9\" data-block-id=\"2b421f9\"><style>.stk-2b421f9 {margin-top:-125px !important;margin-bottom:0px !important;z-index:0 !important;}.stk-2b421f9 svg{fill:#f5e4db !important;}.stk-2b421f9 .stk-block-separator__inner{transform:scaleX(1.6) !important;height:349px !important;}<\/style><div class=\"stk-block-separator__inner\"><svg xmlns=\"http:\/\/www.w3.org\/2000\/svg\" viewbox=\"0 0 1600 200\" class=\"stk-separator__layer-1\" preserveaspectratio=\"none\" aria-hidden=\"true\"><path class=\"curve-3_svg__st1\" d=\"M-6.7 13.4S456 171.1 876.1 171.1 1606.4 16 1606.4 16v192.6H-6.7V13.4z\"><\/path><\/svg><\/div><\/div>\n\n\n\n<div class=\"wp-block-stackable-columns alignfull stk-block-columns stk-block stk-af67ea0 stk-block-background\" data-block-id=\"af67ea0\"><style>.stk-af67ea0 .stk--block-align-af67ea0{align-items:center !important;}.stk-af67ea0 {background-color:#f5e4db !important;padding-top:40px !important;padding-bottom:120px !important;}.stk-af67ea0:before{background-color:#f5e4db !important;}.stk-af67ea0-column{--stk-columns-spacing:0px !important;--stk-column-gap:30px !important;row-gap:0px !important;}<\/style><div class=\"stk-row stk-inner-blocks stk--block-align-af67ea0 stk-block-content stk-content-align stk-af67ea0-column\">\n<div class=\"wp-block-stackable-column stk-block-column stk-column stk-block stk-c6b3ca2\" data-v=\"4\" data-block-id=\"c6b3ca2\"><style>.stk-c6b3ca2 {margin-right:40px !important;}<\/style><div class=\"stk-column-wrapper stk-block-column__content stk-container stk-c6b3ca2-container stk--no-background stk--no-padding\"><div class=\"stk-block-content stk-inner-blocks stk-c6b3ca2-inner-blocks\">\n<div class=\"wp-block-query is-layout-flow wp-block-query-is-layout-flow\" data-block-type=\"core\"><ul class=\"wp-block-post-template is-layout-flow wp-block-post-template-is-layout-flow\" data-block-type=\"core\"><li class=\"wp-block-post post-42066 mini-guide type-mini-guide status-publish has-post-thumbnail hentry\">\n<h2 class=\"wp-block-post-title\" data-block-type=\"core\"><a href=\"https:\/\/www.vendee-camping-bellevue.com\/nl\/mini-guide\/le-murmure-du-bocage-lart-des-vacances-zen-en-vendee\/\" target=\"_self\" >De Fluistering van het Bocage: De Kunst van ZEN Vakanties in de Vend\u00e9e<\/a><\/h2>\n\n<figure class=\"alignwide wp-block-post-featured-image\" data-block-type=\"core\"><a href=\"https:\/\/www.vendee-camping-bellevue.com\/nl\/mini-guide\/le-murmure-du-bocage-lart-des-vacances-zen-en-vendee\/\" target=\"_self\"  ><img loading=\"lazy\" decoding=\"async\" width=\"732\" height=\"549\" src=\"https:\/\/www.vendee-camping-bellevue.com\/wp-content\/uploads\/2026\/04\/cropped-Location-mobil-home-Premium-3-chambres-en-Camping-Paradis-de-Vendee_resultat.webp\" class=\"attachment-post-thumbnail size-post-thumbnail wp-post-image\" alt=\"De Fluistering van het Bocage: De Kunst van ZEN Vakanties in de Vend\u00e9e\" style=\"object-fit:cover;\" srcset=\"https:\/\/www.vendee-camping-bellevue.com\/wp-content\/uploads\/2026\/04\/cropped-Location-mobil-home-Premium-3-chambres-en-Camping-Paradis-de-Vendee_resultat.webp 732w, https:\/\/www.vendee-camping-bellevue.com\/wp-content\/uploads\/2026\/04\/cropped-Location-mobil-home-Premium-3-chambres-en-Camping-Paradis-de-Vendee_resultat-300x225.webp 300w, https:\/\/www.vendee-camping-bellevue.com\/wp-content\/uploads\/2026\/04\/cropped-Location-mobil-home-Premium-3-chambres-en-Camping-Paradis-de-Vendee_resultat-16x12.webp 16w, https:\/\/www.vendee-camping-bellevue.com\/wp-content\/uploads\/2026\/04\/cropped-Location-mobil-home-Premium-3-chambres-en-Camping-Paradis-de-Vendee_resultat-500x375.webp 500w\" sizes=\"auto, (max-width: 732px) 100vw, 732px\" \/><\/a><\/figure>\n<\/li><li class=\"wp-block-post post-40859 mini-guide type-mini-guide status-publish has-post-thumbnail hentry\">\n<h2 class=\"wp-block-post-title\" data-block-type=\"core\"><a href=\"https:\/\/www.vendee-camping-bellevue.com\/nl\/mini-guide\/lodyssee-verte-quand-la-nature-reprend-ses-droits-au-domaine-de-bellevue\/\" target=\"_self\" >L'Odyss\u00e9e Verte: wanneer de natuur haar rechten opeist op het Domein van Bellevue<\/a><\/h2>\n\n<figure class=\"alignwide wp-block-post-featured-image\" data-block-type=\"core\"><a href=\"https:\/\/www.vendee-camping-bellevue.com\/nl\/mini-guide\/lodyssee-verte-quand-la-nature-reprend-ses-droits-au-domaine-de-bellevue\/\" target=\"_self\"  ><img loading=\"lazy\" decoding=\"async\" width=\"732\" height=\"342\" src=\"https:\/\/www.vendee-camping-bellevue.com\/wp-content\/uploads\/2026\/03\/20230417_105808_resultat.webp\" class=\"attachment-post-thumbnail size-post-thumbnail wp-post-image\" alt=\"L&#039;Odyss\u00e9e Verte: wanneer de natuur haar rechten opeist op het Domein van Bellevue\" style=\"object-fit:cover;\" srcset=\"https:\/\/www.vendee-camping-bellevue.com\/wp-content\/uploads\/2026\/03\/20230417_105808_resultat.webp 732w, https:\/\/www.vendee-camping-bellevue.com\/wp-content\/uploads\/2026\/03\/20230417_105808_resultat-300x140.webp 300w, https:\/\/www.vendee-camping-bellevue.com\/wp-content\/uploads\/2026\/03\/20230417_105808_resultat-18x8.webp 18w, https:\/\/www.vendee-camping-bellevue.com\/wp-content\/uploads\/2026\/03\/20230417_105808_resultat-500x234.webp 500w\" sizes=\"auto, (max-width: 732px) 100vw, 732px\" \/><\/a><\/figure>\n<\/li><\/ul><\/div>\n<\/div><\/div><\/div>\n<\/div><\/div>\n\n\n\n<div class=\"wp-block-stackable-separator alignfull stk-block-separator stk--no-padding stk-block stk-1e5ead9\" data-block-id=\"1e5ead9\"><style>.stk-1e5ead9 {margin-top:-245px !important;margin-bottom:-1px !important;transform:scaleX(-1) !important;}.stk-1e5ead9 svg{fill:#FFFFFF !important;}.stk-1e5ead9 .stk-block-separator__inner{transform:scaleX(1.2) !important;height:242px !important;}<\/style><div class=\"stk-block-separator__inner\"><svg xmlns=\"http:\/\/www.w3.org\/2000\/svg\" viewbox=\"0 0 1600 200\" class=\"stk-separator__layer-1\" preserveaspectratio=\"none\" aria-hidden=\"true\"><path class=\"curve-1_svg__st2\" d=\"M1610 177.3C1423 122.9 1133.3 88 808 88c-334.7 0-631.8 37-818 94.1v28h1620v-32.8z\"><\/path><\/svg><\/div><\/div>","protected":false},"excerpt":{"rendered":"","protected":false},"author":1,"featured_media":36098,"parent":0,"menu_order":0,"comment_status":"closed","ping_status":"closed","template":"","meta":{"_acf_changed":false,"_seopress_robots_primary_cat":"","_seopress_titles_title":"Mini-Guides en Vend\u00e9e - Camping Domaine de Bellevue","_seopress_titles_desc":"Pr\u00e9parez votre s\u00e9jour id\u00e9al au Camping Paradis Domaine de Bellevue. Nature, d\u00e9tente, activit\u00e9s : vivez le meilleur de la Vend\u00e9e.","_seopress_robots_index":"","_vp_format_video_url":"","_vp_image_focal_point":[],"footnotes":""},"class_list":["post-40873","page","type-page","status-publish","has-post-thumbnail","hentry"],"acf":[],"_links":{"self":[{"href":"https:\/\/www.vendee-camping-bellevue.com\/nl\/wp-json\/wp\/v2\/pages\/40873","targetHints":{"allow":["GET"]}}],"collection":[{"href":"https:\/\/www.vendee-camping-bellevue.com\/nl\/wp-json\/wp\/v2\/pages"}],"about":[{"href":"https:\/\/www.vendee-camping-bellevue.com\/nl\/wp-json\/wp\/v2\/types\/page"}],"author":[{"embeddable":true,"href":"https:\/\/www.vendee-camping-bellevue.com\/nl\/wp-json\/wp\/v2\/users\/1"}],"replies":[{"embeddable":true,"href":"https:\/\/www.vendee-camping-bellevue.com\/nl\/wp-json\/wp\/v2\/comments?post=40873"}],"version-history":[{"count":4,"href":"https:\/\/www.vendee-camping-bellevue.com\/nl\/wp-json\/wp\/v2\/pages\/40873\/revisions"}],"predecessor-version":[{"id":42072,"href":"https:\/\/www.vendee-camping-bellevue.com\/nl\/wp-json\/wp\/v2\/pages\/40873\/revisions\/42072"}],"wp:featuredmedia":[{"embeddable":true,"href":"https:\/\/www.vendee-camping-bellevue.com\/nl\/wp-json\/wp\/v2\/media\/36098"}],"wp:attachment":[{"href":"https:\/\/www.vendee-camping-bellevue.com\/nl\/wp-json\/wp\/v2\/media?parent=40873"}],"curies":[{"name":"wp","href":"https:\/\/api.w.org\/{rel}","templated":true}]}}