{"id":971,"date":"2024-12-03T12:15:17","date_gmt":"2024-12-03T11:15:17","guid":{"rendered":"https:\/\/www.vendee-camping-bellevue.com\/?page_id=971"},"modified":"2026-02-21T10:55:17","modified_gmt":"2026-02-21T09:55:17","slug":"vrijetijdsactiviteiten-in-de-buurt","status":"publish","type":"page","link":"https:\/\/www.vendee-camping-bellevue.com\/nl\/loisirs-a-proximite\/","title":{"rendered":"Vrijetijdsactiviteiten in de buurt"},"content":{"rendered":"<div class=\"wp-block-stackable-columns alignfull stk-block-columns stk-block stk-be7e23a\" data-block-id=\"be7e23a\"><div class=\"stk-row stk-inner-blocks stk-block-content stk-content-align stk-be7e23a-column alignfull\">\n<div class=\"wp-block-stackable-column stk-block-column stk-column stk-block stk-c09e964\" data-v=\"4\" data-block-id=\"c09e964\"><div class=\"stk-column-wrapper stk-block-column__content stk-container stk-c09e964-container stk--no-background stk--no-padding\"><div class=\"stk-block-content stk-inner-blocks stk-c09e964-inner-blocks\">\n<style>\n\/* ===================== GLOBAL RESET ===================== *\/\n* {\n    margin: 0;\n    padding: 0;\n    box-sizing: border-box;\n    font-family: 'Segoe UI', Tahoma, Geneva, Verdana, sans-serif;\n}\n\n\/* ===================== HERO ===================== *\/\n.hero-block {\n    position: relative;\n    width: 100vw;\n    margin-left: calc(50% - 50vw);\n    margin-right: calc(50% - 50vw);\n    min-height: 60vh;\n    display: flex;\n    align-items: center;\n    justify-content: center;\n    overflow: hidden;\n    background:\n        linear-gradient(135deg, rgba(52,189,239,0.85), rgba(243,146,0,0.85)),\n        url('https:\/\/www.vendee-camping-bellevue.com\/wp-content\/uploads\/2026\/01\/Loisirs_Hero.jpg');\n    background-size: cover;\n    background-position: center;\n}\n\n.hero-block::before {\n    content:'';\n    position:absolute;\n    inset:0;\n    background:\n        radial-gradient(circle at 30% 50%, rgba(52,189,239,0.3), transparent 55%),\n        radial-gradient(circle at 70% 50%, rgba(243,146,0,0.3), transparent 55%);\n    animation:pulse 8s ease-in-out infinite;\n}\n\n@keyframes pulse {\n    0%,100% { opacity: 0.5; }\n    50% { opacity: 0.85; }\n}\n\n.hero-content {\n    position: relative;\n    z-index: 2;\n    max-width: 1000px;\n    padding: 0 20px;\n    text-align: center;\n    color: #fff;\n}\n\n.hero-content h1 {\n    font-size: 2.8rem;\n    margin-bottom: 15px;\n    line-height: 1.2;\n}\n\n.hero-description {\n    font-size: 1.15rem;\n    line-height: 1.6;\n    margin-bottom: 25px;\n    max-width: 900px;\n    margin-left:auto;\n    margin-right:auto;\n}\n\n.hero-cta a {\n    padding: 12px 28px;\n    border-radius: 50px;\n    color: #fff;\n    text-decoration: none;\n    font-weight: 600;\n    background: #34BDEF;\n    transition: all .3s ease;\n}\n\n.hero-cta a:hover {\n    background: #1f83bd;\n}\n\n\/* ===================== INTRO ===================== *\/\n.intro-block {\n    max-width: 900px;\n    margin: 50px auto;\n    padding: 40px 25px;\n    background: #fff;\n    border-radius: 25px;\n    text-align: center;\n    box-shadow: 0 15px 50px rgba(0,0,0,0.15);\n}\n\n.intro-block h2 {\n    font-size: 1.9rem;\n    margin-bottom: 15px;\n    color: #34BDEF;\n}\n\n.intro-block p {\n    font-size: 1.1rem;\n    line-height: 1.7;\n    color: #444;\n}\n\n\/* ===================== DESTINATIONS GRID ===================== *\/\n.destinations-block {\n    padding: 60px 20px;\n}\n\n.destinations-block h2 {\n    text-align: center;\n    font-size: 2rem;\n    margin-bottom: 10px;\n    color: #34BDEF;\n}\n\n.destinations-block p {\n    text-align: center;\n    color: #666;\n    margin-bottom: 35px;\n}\n\n.destination-grid {\n    display: grid;\n    grid-template-columns: repeat(2, 1fr);\n    gap: 28px;\n}\n\n.destination-card {\n    background: #fff;\n    border-radius: 25px;\n    overflow: hidden;\n    box-shadow: 0 10px 30px rgba(0,0,0,0.1);\n    cursor: pointer;\n    transition: transform .3s ease, box-shadow .3s ease;\n}\n\n.destination-card:hover {\n    transform: translateY(-8px);\n    box-shadow: 0 15px 45px rgba(52,189,239,0.25);\n}\n\n.card-image {\n    width: 100%;\n    height: 240px;\n    object-fit: cover;\n    transition: transform .5s ease;\n}\n\n.destination-card:hover .card-image {\n    transform: scale(1.08);\n}\n\n.card-content {\n    padding: 18px 20px;\n}\n\n.card-title {\n    font-size: 1.4rem;\n    color: #34BDEF;\n    margin-bottom: 10px;\n    font-weight: 700;\n}\n\n.card-description {\n    font-size: 1rem;\n    color: #555;\n    line-height: 1.7;\n    margin-bottom: 15px;\n}\n\n.card-btn {\n    padding: 10px 22px;\n    border-radius: 50px;\n    background: linear-gradient(135deg,#F39200,#d67d00);\n    color: #fff;\n    font-weight: 600;\n    text-decoration: none;\n    transition: background .3s ease;\n}\n\n.card-btn:hover {\n    background: linear-gradient(135deg,#d67d00,#c56b00);\n}\n\n\/* ===================== CTA ===================== *\/\n.cta-block {\n    margin: 60px auto;\n    padding: 70px 20px;\n    background: linear-gradient(135deg,#34BDEF,#F39200);\n    color: #fff;\n    text-align: center;\n    border-radius: 30px;\n}\n\n.cta-block h2 {\n    font-size: 2.1rem;\n    margin-bottom: 15px;\n}\n\n.cta-block p {\n    font-size: 1.15rem;\n    margin-bottom: 25px;\n}\n\n.cta-block a {\n    padding: 14px 34px;\n    border-radius: 50px;\n    background: #fff;\n    color: #34BDEF;\n    text-decoration: none;\n    font-weight: 600;\n    transition: all .3s ease;\n}\n\n.cta-block a:hover {\n    background: #e8e8e8;\n}\n\n\/* strong en orange sauf dans hero et CTA *\/\n.intro-block strong,\n.destinations-block strong {\n    color: #F39200;\n    font-weight: 600;\n}\n\n<\/style>\n\n<!-- ================= HERO ================= -->\n<section class=\"hero-block\">\n    <div class=\"hero-content\">\n        <h1>Vrijetijdsactiviteiten in de buurt van Camping Paradis Domaine de Bellevue<\/h1>\n        <p class=\"hero-description\">\n            Ontdek alle activiteiten en vrijetijdsbestedingen rondom Saint-Christophe-du-Ligneron: natuur, sport, dierenpark, educatieve boerderij en avonturen voor het hele gezin. Geniet van een vakantie vol ontdekkingen en onvergetelijke momenten.\n        <\/p>\n        <div class=\"hero-cta\">\n            <a href=\"#destinations\">Zie vrijetijdsactiviteiten<\/a>\n        <\/div>\n    <\/div>\n<\/section>\n\n<!-- ================= INTRO ================= -->\n<section class=\"intro-block\">\n    <h2>Een breed aanbod aan vrijetijdsactiviteiten voor alle leeftijden \ud83c\udf3f<\/h2>\n    <p>\n        Sinds <strong>Camping Paradis Domaine de Bellevue<\/strong>, Ontdek activiteiten in de buurt voor het hele gezin: natuurwandelingen, leuke parken, ongewone ervaringen en culturele ontdekkingen. Met onze suggesties kun je een leuk dagje uit plannen.\n    <\/p>\n    <p>\n        Of je nu op zoek bent naar avontuur, sensatie of ontspanning, de Vend\u00e9e heeft genoeg vrijetijdsactiviteiten voor alle smaken en leeftijden.\n    <\/p>\n<\/section>\n\n<!-- ================= DESTINATIONS ================= -->\n<section class=\"destinations-block\" id=\"destinations\">\n    <h2>Must-see vrijetijdsactiviteiten in de buurt<\/h2>\n    <p>Ontdek de originele en leuke activiteiten rondom de camping, met beschrijvingen, afbeeldingen en links voor meer informatie.<\/p>\n\n    <div class=\"destination-grid\">\n\n        <!-- Plan\u00e8te Racing -->\n        <div class=\"destination-card\">\n            <img decoding=\"async\" class=\"card-image\" src=\"https:\/\/www.vendee-camping-bellevue.com\/wp-content\/uploads\/2026\/01\/jet-west-events-challans-85.jpg\" alt=\"Plan\u00e8te Racing - kartingactiviteiten en sensatie\">\n            <div class=\"card-content\">\n                <h3 class=\"card-title\">Planeet Racing<\/h3>\n                <p class=\"card-description\">\n                    Geniet ter plekke van indoor en outdoor karting, lasergamen en andere activiteiten voor jong en oud. Ideaal voor een dag vol sensatie op slechts een paar minuten van de camping.\n                <\/p>\n                <a href=\"https:\/\/www.planeteracing.com\/\" class=\"card-btn\" target=\"_blank\">Ontdek \u2192<\/a>\n            <\/div>\n        <\/div>\n\n        <!-- V\u00e9lo Rail de Commequiers -->\n        <div class=\"destination-card\">\n            <img decoding=\"async\" class=\"card-image\" src=\"https:\/\/www.vendee-camping-bellevue.com\/wp-content\/uploads\/2024\/12\/Velo-Rail-9536-1024x683-1.jpg\" alt=\"V\u00e9lo Rail de Commequiers - treinreizen\">\n            <div class=\"card-content\">\n                <h3 class=\"card-title\">V\u00e9lo Rail de Commequiers<\/h3>\n                <p class=\"card-description\">\n                    Neem het hele gezin mee op een unieke ervaring langs de oude spoorweg in de Draisines: een originele en leuke manier om het platteland van de Vend\u00e9e te ontdekken.\n                <\/p>\n                <a href=\"https:\/\/www.velorail-vendee.fr\/\" class=\"card-btn\" target=\"_blank\">Meer zien \u2192<\/a>\n            <\/div>\n        <\/div>\n\n        <!-- Parc Philippe Perrocheau -->\n        <div class=\"destination-card\">\n            <img decoding=\"async\" class=\"card-image\" src=\"https:\/\/www.vendee-camping-bellevue.com\/wp-content\/uploads\/2024\/12\/jardindesolfacties1-1024x683-1.jpg\" alt=\"Parc Philippe Perrocheau - natuur en gezinsactiviteiten\">\n            <div class=\"card-content\">\n                <h3 class=\"card-title\">Park Philippe Perrocheau<\/h3>\n                <p class=\"card-description\">\n                    Dieren- en educatief park, ideaal voor gezinnen met kinderen. Ontdek buitenactiviteiten, dieren en ontspanningsruimtes midden in de natuur.\n                <\/p>\n                <a href=\"https:\/\/www.vendee-tourisme.com\/parc-philippe-perrocheau\/coex\/pcupdl085v51e3on\" class=\"card-btn\" target=\"_blank\">Lees meer \u2192<\/a>\n            <\/div>\n        <\/div>\n\n        <!-- Karting de Challans -->\n        <div class=\"destination-card\">\n            <img decoding=\"async\" class=\"card-image\" src=\"https:\/\/cdn.iris-etourism.io\/uploads\/gochallansgoistourisme\/0d5\/karting-356-9d8454b0c11f47378cda2549022bb0b7.webp\" alt=\"Karting de Challans - kartingcircuit voor volwassenen en kinderen\">\n            <div class=\"card-content\">\n                <h3 class=\"card-title\">Challans karting<\/h3>\n                <p class=\"card-description\">\n                    Op de <strong>Challans karting<\/strong>, Daag je vrienden of familie uit op een FFSA-circuit van ongeveer 700 m lang, met een speciale baan voor kinderen vanaf 3 jaar en een vloot van 40 karts voor alle niveaus. Een leuke en sportieve activiteit op slechts 30 minuten van de camping.\n                <\/p>\n                <a href=\"https:\/\/www.karting-challans.fr\/\" class=\"card-btn\" target=\"_blank\">Ontdek \u2192<\/a>\n            <\/div>\n        <\/div>\n\n    <\/div>\n<\/section>\n\n<!-- ================= CTA FULL WIDTH ================= -->\n<section class=\"cta-block\">\n    <h2>\ud83c\udf9f\ufe0f Haal het meeste uit uw verblijf in de Vend\u00e9e<\/h2>\n    <p>\n        Plan je dag vanaf de <strong>Camping Paradis Domaine de Bellevue<\/strong> en ontdek alle vrijetijdsactiviteiten rond Saint-Christophe-du-Ligneron: sensatie, natuuractiviteiten, ongewone wandelingen en ontdekkingen voor het hele gezin.\n    <\/p>\n    <a href=\"https:\/\/www.vendee-camping-bellevue.com\/nl\/\" target=\"_blank\">Boek nu<\/a>\n<\/section>\n<\/div><\/div><\/div>\n<\/div><\/div>","protected":false},"excerpt":{"rendered":"<p>\ud83c\udfa1 Loisirs \u00e0 proximit\u00e9 du Camping Paradis Domaine de Bellevue D\u00e9couvrez toutes les activit\u00e9s et loisirs autour de Saint-Christophe-du-Ligneron : nature, sport, parc animalier, ferme p\u00e9dagogique et aventures pour toute la famille. Profitez d\u2019un s\u00e9jour riche en d\u00e9couvertes et en moments inoubliables. Voir les loisirs Des loisirs vari\u00e9s pour tous les \u00e2ges \ud83c\udf3f Depuis le [&hellip;]<\/p>\n","protected":false},"author":1,"featured_media":480,"parent":0,"menu_order":0,"comment_status":"closed","ping_status":"closed","template":"","meta":{"_acf_changed":false,"_seopress_robots_primary_cat":"","_seopress_titles_title":"Les loisirs \u00e0 proximit\u00e9 du camping Paradis 4 \u00e9toiles","_seopress_titles_desc":"Le camping paradis 4 \u00e9toiles du Domaine de Bellevue se trouve \u00e0 proximit\u00e9 de nombreux loisirs en Vend\u00e9e. Profitez-en en famille.","_seopress_robots_index":"","_vp_format_video_url":"","_vp_image_focal_point":[],"footnotes":""},"class_list":["post-971","page","type-page","status-publish","has-post-thumbnail","hentry"],"acf":[],"_links":{"self":[{"href":"https:\/\/www.vendee-camping-bellevue.com\/nl\/wp-json\/wp\/v2\/pages\/971","targetHints":{"allow":["GET"]}}],"collection":[{"href":"https:\/\/www.vendee-camping-bellevue.com\/nl\/wp-json\/wp\/v2\/pages"}],"about":[{"href":"https:\/\/www.vendee-camping-bellevue.com\/nl\/wp-json\/wp\/v2\/types\/page"}],"author":[{"embeddable":true,"href":"https:\/\/www.vendee-camping-bellevue.com\/nl\/wp-json\/wp\/v2\/users\/1"}],"replies":[{"embeddable":true,"href":"https:\/\/www.vendee-camping-bellevue.com\/nl\/wp-json\/wp\/v2\/comments?post=971"}],"version-history":[{"count":9,"href":"https:\/\/www.vendee-camping-bellevue.com\/nl\/wp-json\/wp\/v2\/pages\/971\/revisions"}],"predecessor-version":[{"id":39111,"href":"https:\/\/www.vendee-camping-bellevue.com\/nl\/wp-json\/wp\/v2\/pages\/971\/revisions\/39111"}],"wp:featuredmedia":[{"embeddable":true,"href":"https:\/\/www.vendee-camping-bellevue.com\/nl\/wp-json\/wp\/v2\/media\/480"}],"wp:attachment":[{"href":"https:\/\/www.vendee-camping-bellevue.com\/nl\/wp-json\/wp\/v2\/media?parent=971"}],"curies":[{"name":"wp","href":"https:\/\/api.w.org\/{rel}","templated":true}]}}