{"id":994,"date":"2024-12-03T12:32:00","date_gmt":"2024-12-03T11:32:00","guid":{"rendered":"https:\/\/www.vendee-camping-bellevue.com\/?page_id=994"},"modified":"2026-01-30T15:13:36","modified_gmt":"2026-01-30T14:13:36","slug":"sallertaine-2","status":"publish","type":"page","link":"https:\/\/www.vendee-camping-bellevue.com\/nl\/sallertaine-2\/","title":{"rendered":"Sallertaine"},"content":{"rendered":"<div class=\"wp-block-stackable-columns alignfull stk-block-columns stk-block stk-fed4323\" data-block-id=\"fed4323\"><div class=\"stk-row stk-inner-blocks stk-block-content stk-content-align stk-fed4323-column alignfull\">\n<div class=\"wp-block-stackable-column stk-block-column stk-column stk-block stk-76efa48\" data-v=\"4\" data-block-id=\"76efa48\"><div class=\"stk-column-wrapper stk-block-column__content stk-container stk-76efa48-container stk--no-background stk--no-padding\"><div class=\"stk-block-content stk-inner-blocks stk-76efa48-inner-blocks\">\n<style>\n*{margin:0;padding:0;box-sizing:border-box;font-family:'Segoe UI',Tahoma,Geneva,Verdana,sans-serif;}\n\n\/* HERO *\/\n.hero-block{\nposition:relative;width:100vw;margin-left:calc(50% - 50vw);margin-right:calc(50% - 50vw);\nmin-height:60vh;display:flex;align-items:center;justify-content:center;overflow:hidden;\nbackground:linear-gradient(135deg,rgba(52,189,239,.85),rgba(243,146,0,.85)),\nurl('https:\/\/www.vendee-camping-bellevue.com\/wp-content\/uploads\/2024\/11\/sallertaine.jpg');\nbackground-size:cover;background-position:center;\n}\n\n.hero-content{position:relative;z-index:2;max-width:1000px;padding:0 20px;text-align:center;color:#fff;}\n.hero-content h1{font-size:2.8rem;margin-bottom:15px;line-height:1.2;}\n.hero-description{font-size:1.15rem;line-height:1.6;margin-bottom:25px;}\n.hero-cta a{padding:12px 28px;border-radius:50px;color:#fff;text-decoration:none;font-weight:600;background:#34BDEF;}\n.hero-cta a:hover{background:#1f83bd;}\n\n\/* INTRO *\/\n.intro-block{\nmax-width:950px;margin:50px auto;padding:40px 25px;background:#fff;border-radius:25px;\ntext-align:center;box-shadow:0 15px 50px rgba(0,0,0,.15);\n}\n.intro-block h2{font-size:1.9rem;margin-bottom:15px;color:#34BDEF;}\n.intro-block p{font-size:1.1rem;line-height:1.75;color:#444;margin-bottom:12px;}\n.intro-block strong{color:#F39200;}\n\n\/* GRID *\/\n.destinations-block{padding:60px 20px;}\n.destinations-block h2{text-align:center;font-size:2rem;margin-bottom:10px;color:#34BDEF;}\n.destinations-block p{text-align:center;color:#666;margin-bottom:35px;}\n\n.destination-grid{display:grid;grid-template-columns:repeat(2,1fr);gap:28px;}\n\n.destination-card{\nbackground:#fff;border-radius:25px;overflow:hidden;\nbox-shadow:0 10px 30px rgba(0,0,0,.1);\ntransition:.3s;\n}\n.destination-card:hover{transform:translateY(-8px);box-shadow:0 15px 45px rgba(52,189,239,.25);}\n\n.card-image{width:100%;height:240px;object-fit:cover;}\n.card-content{padding:18px 20px;}\n.card-title{font-size:1.4rem;color:#34BDEF;margin-bottom:10px;font-weight:700;}\n.card-description{font-size:1rem;color:#555;line-height:1.75;margin-bottom:18px;}\n.card-description strong{color:#F39200;}\n\n.card-btn{\ndisplay:inline-block;\npadding:10px 22px;border-radius:50px;\nbackground:linear-gradient(135deg,#F39200,#d67d00);\ncolor:#fff;font-weight:600;text-decoration:none;\n}\n.card-btn:hover{background:linear-gradient(135deg,#d67d00,#c56b00);}\n\n\/* CTA *\/\n.cta-block{\nmargin:60px auto;padding:70px 20px;\nbackground:linear-gradient(135deg,#34BDEF,#F39200);\ncolor:#fff;text-align:center;border-radius:30px;\n}\n.cta-block h2{font-size:2.1rem;margin-bottom:15px;}\n.cta-block p{font-size:1.15rem;margin-bottom:25px;}\n.cta-block a{\npadding:14px 34px;border-radius:50px;background:#fff;color:#34BDEF;\ntext-decoration:none;font-weight:600;\n}\n\n\/* RESPONSIVE *\/\n@media(max-width:768px){.destination-grid{grid-template-columns:1fr;}}\n<\/style>\n\n<!-- HERO -->\n<section class=\"hero-block\">\n<div class=\"hero-content\">\n<h1>\ud83c\udf3f Sallertaine in de Vend\u00e9e - Ambacht, erfgoed &amp; natuur<\/h1>\n<p class=\"hero-description\">\nOntdek <strong>Sallertaine<\/strong>, het authentieke dorp van <strong>Vend\u00e9e Bretons Moeras<\/strong>, bekend om zijn ambachtslieden, historisch erfgoed en natuurlijke landschappen. Een ideale bestemming om de cultuur van de Vend\u00e9e te ontdekken en onvergetelijke gezinservaringen op te doen.\n<\/p>\n<div class=\"hero-cta\">\n<a href=\"#incontournables\">Ontdek Sallertaine<\/a>\n<\/div>\n<\/div>\n<\/section>\n\n<!-- INTRO SEO LONG -->\n<section class=\"intro-block\">\n<h2>Ontdek Sallertaine, het hart van de Marais Breton in de Vend\u00e9e<\/h2>\n\n<p>\nGelegen in de <strong>Vend\u00e9e Bretons Moeras<\/strong>, <strong>Sallertaine<\/strong> is een dorp met een authentieke sfeer en een rijk cultureel erfgoed. Met zijn <strong>schilderachtige rijstroken<\/strong>, Met zijn typische stenen en houten huizen en lokale ambachtelijke ateliers is het dorp een echt juweeltje voor bezoekers die de Vend\u00e9e op een andere manier willen ontdekken.\n<\/p>\n\n<p>\nSallertaine is vooral bekend om zijn <strong>lokale ambachten<\/strong>. Glasblazers, pottenbakkers, juweliers en textielontwerpers bieden unieke kunstwerken. In de zomer wordt het dorp omgetoverd tot een levendig cultureel centrum met <strong>ambachtelijke markten, tentoonstellingen en live demonstraties<\/strong>, Dit is een unieke kans om je onder te dompelen in de traditionele knowhow van de Vend\u00e9e.\n<\/p>\n\n<p>\nNaast ambachten heeft Sallertaine ook een <strong>historisch erfgoed<\/strong> opmerkelijk. Sites zoals de <strong>Moulin de Rair\u00e9<\/strong> of de <strong>Bourrine \u00e0 Rosalie<\/strong> zijn een kans om het plattelandsleven van weleer en de traditionele technieken van de Marais te ontdekken. Elk monument vertelt het verhaal van de streek en biedt een educatieve en culturele ervaring.\n<\/p>\n\n<p>\nGezinnen en natuurliefhebbers vinden ook genoeg te doen in Sallertaine. La <strong>Route du Sel<\/strong> biedt fiets- en kanotochten door kanalen, natte weiden en ongerepte eilandjes. L\u2019<strong>Zanimo<\/strong> kunnen kinderen dieren ontmoeten en deelnemen aan educatieve workshops over de plaatselijke biodiversiteit. Het is een complete bestemming waar cultuur, erfgoed en natuur samenkomen om een unieke ervaring te bieden.\n<\/p>\n\n<p>\nAls je Sallertaine bezoekt, ontdek je ook <strong>zomer entertainment<\/strong>, Er zijn ook festivals en af en toe markten die de tradities en knowhow van de Vend\u00e9e laten zien. Elk bezoek is een gelegenheid om de lokale specialiteiten te proeven en een uniek souvenir van het dorp mee naar huis te nemen.\n<\/p>\n<\/section>\n\n<!-- BLOCS -->\n<section class=\"destinations-block\" id=\"incontournables\">\n<h2>Bezienswaardigheden in Sallertaine<\/h2>\n<p>Ambachten, erfgoed en natuur: niet te missen rondleidingen.<\/p>\n\n<div class=\"destination-grid\">\n\n<!-- ARTISANAT -->\n<div class=\"destination-card\">\n<img decoding=\"async\" class=\"card-image\" src=\"https:\/\/www.vendee-camping-bellevue.com\/wp-content\/uploads\/2026\/01\/Sallertaine-ile-aux-artisans.jpg\">\n<div class=\"card-content\">\n<h3 class=\"card-title\">Het eiland van ambachtslieden<\/h3>\n<p class=\"card-description\">\nSallertaine staat bekend om zijn <strong>kunstenaars eiland<\/strong>. Glasblazers, pottenbakkers, juweliers en textielontwerpers verwelkomen je in hun ateliers voor demonstraties en hands-on workshops. Een onderdompeling in <strong>traditionele Vend\u00e9e-knowhow<\/strong> en de kans om unieke creaties te kopen.\n<\/p>\n<a href=\"https:\/\/www.lileauxartisans.fr\/\" class=\"card-btn\">Ontdek de ambachtslieden \u2192<\/a>\n<\/div>\n<\/div>\n\n<!-- MOULIN DE RAIRE -->\n<div class=\"destination-card\">\n<img decoding=\"async\" class=\"card-image\" src=\"https:\/\/www.vendee-camping-bellevue.com\/wp-content\/uploads\/2026\/01\/sallertaine-moulin-de-raire.jpg\">\n<div class=\"card-content\">\n<h3 class=\"card-title\">De molen van Rair\u00e9<\/h3>\n<p class=\"card-description\">\nDe <strong>Moulin de Rair\u00e9<\/strong>, De molen uit de 16e eeuw is een emblematisch monument in Sallertaine. Het is een gelegenheid om de geschiedenis van de traditionele maalderij en het erfgoed van Sallertaine te ontdekken. <strong>Vend\u00e9e Bretons Moeras<\/strong>. Er zijn rondleidingen en demonstraties beschikbaar om je te helpen begrijpen hoe de molen werkt en wat zijn historische rol is.\n<\/p>\n<a href=\"https:\/\/moulin-a-vent-de-raire.com\/\" class=\"card-btn\">Bezoek de molen \u2192<\/a>\n<\/div>\n<\/div>\n\n<!-- LA BOURRINE A ROSALIE -->\n<div class=\"destination-card\">\n<img decoding=\"async\" class=\"card-image\" src=\"https:\/\/www.vendee-camping-bellevue.com\/wp-content\/uploads\/2026\/01\/Sallertaine-bourrine-a-rosalie.jpg\">\n<div class=\"card-content\">\n<h3 class=\"card-title\">La Bourrine \u00e0 Rosalie<\/h3>\n<p class=\"card-description\">\nLa <strong>Bourrine \u00e0 Rosalie<\/strong> is een traditionele boerderij in de Marais Vend\u00e9en die het plattelandsleven van vroeger illustreert. Het is een ideale plek om ouderwetse landbouwmethoden, de typische architectuur van de Marais en de lokale geschiedenis te ontdekken, terwijl je geniet van een ongerepte natuurlijke omgeving.\n<\/p>\n<a href=\"https:\/\/www.gochallansgois.fr\/site-culturel\/la-bourrine-a-rosalie\/\" class=\"card-btn\">Lees meer \u2192<\/a>\n<\/div>\n<\/div>\n\n<!-- ILOT ZANIMO -->\n<div class=\"destination-card\">\n<img decoding=\"async\" class=\"card-image\" src=\"https:\/\/www.vendee-camping-bellevue.com\/wp-content\/uploads\/2026\/01\/sallertaine-lilot-zanimo.jpg\">\n<div class=\"card-content\">\n<h3 class=\"card-title\">L'\u00celot Zanimo<\/h3>\n<p class=\"card-description\">\nL\u2019<strong>Zanimo<\/strong> is een educatieve boerderij voor kinderen en gezinnen. Het biedt de kans om de lokale biodiversiteit te ontdekken, de dieren te ontmoeten en deel te nemen aan educatieve workshops. Het is een leuke en leerzame manier om een gezellig en leerzaam moment door te brengen in het hart van de regio. <strong>Vend\u00e9e Bretons Moeras<\/strong>.\n<\/p>\n<a href=\"https:\/\/www.lilotzanimo.fr\/\" class=\"card-btn\">Ontdek l'\u00celot Zanimo \u2192<\/a>\n<\/div>\n<\/div>\n<\/div>\n<\/section>\n\n\n\n\n<div class=\"wp-block-stackable-columns stk-block-columns stk-block stk-84f2235\" data-block-id=\"84f2235\"><div class=\"stk-row stk-inner-blocks stk-block-content stk-content-align stk-84f2235-column\">\n<div class=\"wp-block-stackable-column stk-block-column stk-column stk-block stk-1dea71e\" data-v=\"4\" data-block-id=\"1dea71e\"><div class=\"stk-column-wrapper stk-block-column__content stk-container stk-1dea71e-container stk--no-background stk--no-padding\"><div class=\"stk-block-content stk-inner-blocks stk-1dea71e-inner-blocks\">\n<!-- ROUTE DU SEL CENTR\u00c9 -->\n<section class=\"intro-block\" style=\"max-width:950px;margin:50px auto;padding:40px 25px;text-align:center;\">\n<h2>\ud83d\udeb4\u200d\u2642\ufe0f La Route du Sel in Sallertaine<\/h2>\n\n<img decoding=\"async\" src=\"https:\/\/www.vendee-camping-bellevue.com\/wp-content\/uploads\/2025\/05\/rsz_085_laroutedusel.jpg\" \n     alt=\"De zoutroute in Sallertaine\" \n     style=\"display:block;margin:25px auto;border-radius:20px;max-width:100%;height:auto;\">\n\n<p>\nOntdek de beroemde <strong style=\"color:#F39200;\">Route du Sel<\/strong>, een emblematische route van de <strong style=\"color:#F39200;\">Vend\u00e9e Bretons Moeras<\/strong> die door Sallertaine en zijn unieke landschappen loopt. Via deze historische route kunt u de oude kanalen en paden volgen die vroeger werden gebruikt om zout te vervoeren tussen de moerassen en de naburige steden.\n<\/p>\n\n<p>\nLa <strong style=\"color:#F39200;\">Route du Sel<\/strong> is ideaal voor <strong style=\"color:#F39200;\">wandelen, fietsen of kano\u00ebn<\/strong>. Bezoekers kunnen de natte weiden en ongerepte eilandjes bewonderen en de plaatselijke flora en fauna observeren. Elke etappe biedt pittoreske panorama's en punten van cultureel belang, perfect voor memorabele foto's en momenten van ontspanning in het hart van de natuur.\n<\/p>\n\n<p>\nDeze route is toegankelijk voor gezinnen en natuurliefhebbers en combineert geschiedenis, ontdekking en sportieve activiteiten. De zoutroute is een unieke manier om Sallertaine en omgeving te verkennen en tegelijkertijd te genieten van een totale onderdompeling in de geschiedenis van de streek. <strong style=\"color:#F39200;\">Het natuurlijke en culturele erfgoed van de Vend\u00e9e<\/strong>.\n<\/p>\n\n<div style=\"margin-top:20px;\">\n<a href=\"https:\/\/www.laroutedusel.com\/\" \n   style=\"display:inline-block;padding:12px 28px;border-radius:50px;background:#34BDEF;color:#fff;font-weight:600;text-decoration:none;\">\nOntdek de zoutroute\n<\/a>\n<\/div>\n<\/section>\n\n<\/div><\/div><\/div>\n<\/div><\/div>\n<\/div><\/div><\/div>\n<\/div><\/div>\n\n\n\n<div class=\"wp-block-stackable-columns alignfull stk-block-columns stk-block stk-df68b9b\" data-block-id=\"df68b9b\"><div class=\"stk-row stk-inner-blocks stk-block-content stk-content-align stk-df68b9b-column alignfull\">\n<div class=\"wp-block-stackable-column stk-block-column stk-column stk-block stk-736e50d\" data-v=\"4\" data-block-id=\"736e50d\"><div class=\"stk-column-wrapper stk-block-column__content stk-container stk-736e50d-container stk--no-background stk--no-padding\"><div class=\"stk-block-content stk-inner-blocks stk-736e50d-inner-blocks\">\n<!-- CTA -->\n<section class=\"cta-block\">\n<h2>Bezoek Sallertaine in Vend\u00e9e<\/h2>\n<p>\nProfiteer van uw verblijf om Sallertaine, zijn ambachten, zijn historisch erfgoed en zijn natuurlijke landschappen te ontdekken. Een unieke culturele en gezinservaring in het hart van <strong>Vend\u00e9e Bretons Moeras<\/strong>, De perfecte manier om je reis naar de Vend\u00e9e te verrijken.\n<\/p>\n<a href=\"https:\/\/www.vendee-camping-bellevue.com\/nl\/\">Lees meer<\/a>\n<\/section>\n<\/div><\/div><\/div>\n<\/div><\/div>","protected":false},"excerpt":{"rendered":"<p>\ud83c\udf3f Sallertaine en Vend\u00e9e \u2014 Artisanat, patrimoine &#038; nature D\u00e9couvrez Sallertaine, le village authentique du Marais breton vend\u00e9en, r\u00e9put\u00e9 pour ses artisans, son patrimoine historique et ses paysages naturels. Une destination id\u00e9ale pour explorer la culture vend\u00e9enne et vivre des exp\u00e9riences familiales inoubliables. D\u00e9couvrir Sallertaine Explorez Sallertaine, c\u0153ur du Marais breton vend\u00e9en Situ\u00e9 dans le [&hellip;]<\/p>\n","protected":false},"author":1,"featured_media":480,"parent":0,"menu_order":0,"comment_status":"closed","ping_status":"closed","template":"","meta":{"_acf_changed":false,"_seopress_robots_primary_cat":"","_seopress_titles_title":"Sallertaine - Camping p\u00eache 4 \u00e9toiles ouvert toute l'ann\u00e9e","_seopress_titles_desc":"Balade dans un cadre naturel pr\u00e9serv\u00e9 Embarquement imm\u00e9diat pour la dur\u00e9e de votre choix, en cano\u00eb de 2 \u00e0 10 places libre ou guid\u00e9, histoire du site","_seopress_robots_index":"","_vp_format_video_url":"","_vp_image_focal_point":[],"footnotes":""},"class_list":["post-994","page","type-page","status-publish","has-post-thumbnail","hentry"],"acf":[],"_links":{"self":[{"href":"https:\/\/www.vendee-camping-bellevue.com\/nl\/wp-json\/wp\/v2\/pages\/994","targetHints":{"allow":["GET"]}}],"collection":[{"href":"https:\/\/www.vendee-camping-bellevue.com\/nl\/wp-json\/wp\/v2\/pages"}],"about":[{"href":"https:\/\/www.vendee-camping-bellevue.com\/nl\/wp-json\/wp\/v2\/types\/page"}],"author":[{"embeddable":true,"href":"https:\/\/www.vendee-camping-bellevue.com\/nl\/wp-json\/wp\/v2\/users\/1"}],"replies":[{"embeddable":true,"href":"https:\/\/www.vendee-camping-bellevue.com\/nl\/wp-json\/wp\/v2\/comments?post=994"}],"version-history":[{"count":19,"href":"https:\/\/www.vendee-camping-bellevue.com\/nl\/wp-json\/wp\/v2\/pages\/994\/revisions"}],"predecessor-version":[{"id":36027,"href":"https:\/\/www.vendee-camping-bellevue.com\/nl\/wp-json\/wp\/v2\/pages\/994\/revisions\/36027"}],"wp:featuredmedia":[{"embeddable":true,"href":"https:\/\/www.vendee-camping-bellevue.com\/nl\/wp-json\/wp\/v2\/media\/480"}],"wp:attachment":[{"href":"https:\/\/www.vendee-camping-bellevue.com\/nl\/wp-json\/wp\/v2\/media?parent=994"}],"curies":[{"name":"wp","href":"https:\/\/api.w.org\/{rel}","templated":true}]}}